{"id":77153,"date":"2024-11-01T19:37:05","date_gmt":"2024-11-01T16:37:05","guid":{"rendered":"https:\/\/shop.hator.gg\/?post_type=product&#038;p=77153"},"modified":"2026-03-25T17:13:08","modified_gmt":"2026-03-25T14:13:08","slug":"hator-hypergang-2-usb-7-1-hta-945-titanium-edition","status":"publish","type":"product","link":"https:\/\/shop.hator.gg\/pl\/headsets\/hator-hypergang-2-usb-7-1-hta-945-titanium-edition\/","title":{"rendered":"HATOR Hypergang 2 USB 7.1 (HTA-945) Titanium Edition"},"content":{"rendered":"","protected":false},"excerpt":{"rendered":"[show_any_info_btn hatordomen=\"https:\/\/hator.gg\" link=\"\/audio\/hypergang-2-usb-7-1\" descua=\"HATOR Hypergang 2 USB 7.1 \u2013 \u0432\u0442\u0456\u043b\u0435\u043d\u043d\u044f \u0443\u0441\u044c\u043e\u0433\u043e \u043d\u0435\u043e\u0431\u0445\u0456\u0434\u043d\u043e\u0433\u043e \u0434\u043b\u044f \u0441\u0443\u0447\u0430\u0441\u043d\u043e\u0433\u043e \u0433\u0435\u0439\u043c\u0435\u0440\u0430. \u041e\u043d\u043e\u0432\u043b\u0435\u043d\u0438\u0439 \u0434\u0438\u0437\u0430\u0439\u043d \u0442\u0430 \u0437\u0432\u0443\u043a \u0434\u043b\u044f \u0432\u0430\u0448\u0438\u0445 \u043f\u0435\u0440\u0435\u043c\u043e\u0433!\" descru=\"HATOR Hypergang 2 USB 7.1 \u2013 \u0432\u0442\u0456\u043b\u0435\u043d\u043d\u044f \u0443\u0441\u044c\u043e\u0433\u043e \u043d\u0435\u043e\u0431\u0445\u0456\u0434\u043d\u043e\u0433\u043e \u0434\u043b\u044f \u0441\u0443\u0447\u0430\u0441\u043d\u043e\u0433\u043e \u0433\u0435\u0439\u043c\u0435\u0440\u0430. \u041e\u043d\u043e\u0432\u043b\u0435\u043d\u0438\u0439 \u0434\u0438\u0437\u0430\u0439\u043d \u0442\u0430 \u0437\u0432\u0443\u043a \u0434\u043b\u044f \u0432\u0430\u0448\u0438\u0445 \u043f\u0435\u0440\u0435\u043c\u043e\u0433!\" descen=\"HATOR Hypergang 2 USB 7.1 is the embodiment of everything necessary for a modern gamer. Updated design and sound for your victories!\" descde=\"HATOR Hypergang 2 USB 7.1 ist die Verk\u00f6rperung von allem, was ein moderner Gamer braucht. Aktualisiertes Design und Sound f\u00fcr Ihre Siege!\" descpl=\"HATOR Hypergang 2 USB 7.1 to uciele\u015bnienie wszystkiego, co niezb\u0119dne wsp\u00f3\u0142czesnemu graczowi. Zaktualizowany wygl\u0105d i d\u017awi\u0119k dla twoich zwyci\u0119stw!\"]","protected":false},"featured_media":77158,"template":"","meta":[],"translation":{"provider":"WPGlobus","version":"2.5.11","language":"pl","enabled_languages":["en","ua","de","pl"],"languages":{"en":{"title":true,"content":false,"excerpt":true},"ua":{"title":false,"content":false,"excerpt":false},"de":{"title":false,"content":false,"excerpt":false},"pl":{"title":false,"content":false,"excerpt":false}}},"aioseo_notices":[],"_links":{"self":[{"href":"https:\/\/shop.hator.gg\/pl\/wp-json\/wp\/v2\/product\/77153"}],"collection":[{"href":"https:\/\/shop.hator.gg\/pl\/wp-json\/wp\/v2\/product"}],"about":[{"href":"https:\/\/shop.hator.gg\/pl\/wp-json\/wp\/v2\/types\/product"}],"wp:featuredmedia":[{"embeddable":true,"href":"https:\/\/shop.hator.gg\/pl\/wp-json\/wp\/v2\/media\/77158"}],"wp:attachment":[{"href":"https:\/\/shop.hator.gg\/pl\/wp-json\/wp\/v2\/media?parent=77153"}],"curies":[{"name":"wp","href":"https:\/\/api.w.org\/{rel}","templated":true}]}}