{"id":75539,"date":"2024-10-17T15:34:49","date_gmt":"2024-10-17T12:34:49","guid":{"rendered":"https:\/\/shop.hator.gg\/?post_type=product&#038;p=75539"},"modified":"2026-03-03T20:12:43","modified_gmt":"2026-03-03T17:12:43","slug":"hator-gravity-x-tkl-white-htk551ua","status":"publish","type":"product","link":"https:\/\/shop.hator.gg\/pl\/keyboards\/hator-gravity-x-tkl-white-htk551ua\/","title":{"rendered":"HATOR Gravity X TKL White (HTK551UA)"},"content":{"rendered":"","protected":false},"excerpt":{"rendered":"Kompaktowa klawiatura TKL z aluminiow\u0105 p\u0142yt\u0105 oraz niezawodnymi i szybkimi prze\u0142\u0105cznikami liniowymi HATOR Aurum Orange zapewnia wysok\u0105 wydajno\u015b\u0107 i trwa\u0142o\u015b\u0107. Konfigurowalne pod\u015bwietlenie RGB ka\u017cdej klawiszy oraz podw\u00f3jny system redukcji ha\u0142asu dbaj\u0105 o komfort wizualny i akustyczny podczas pracy z klawiatur\u0105.","protected":false},"featured_media":75534,"template":"","meta":[],"translation":{"provider":"WPGlobus","version":"2.5.11","language":"pl","enabled_languages":["en","ua","de","pl"],"languages":{"en":{"title":true,"content":false,"excerpt":true},"ua":{"title":false,"content":false,"excerpt":true},"de":{"title":false,"content":false,"excerpt":true},"pl":{"title":false,"content":false,"excerpt":true}}},"aioseo_notices":[],"_links":{"self":[{"href":"https:\/\/shop.hator.gg\/pl\/wp-json\/wp\/v2\/product\/75539"}],"collection":[{"href":"https:\/\/shop.hator.gg\/pl\/wp-json\/wp\/v2\/product"}],"about":[{"href":"https:\/\/shop.hator.gg\/pl\/wp-json\/wp\/v2\/types\/product"}],"wp:featuredmedia":[{"embeddable":true,"href":"https:\/\/shop.hator.gg\/pl\/wp-json\/wp\/v2\/media\/75534"}],"wp:attachment":[{"href":"https:\/\/shop.hator.gg\/pl\/wp-json\/wp\/v2\/media?parent=75539"}],"curies":[{"name":"wp","href":"https:\/\/api.w.org\/{rel}","templated":true}]}}