{"id":75512,"date":"2024-10-17T15:19:22","date_gmt":"2024-10-17T12:19:22","guid":{"rendered":"https:\/\/shop.hator.gg\/?post_type=product&#038;p=75512"},"modified":"2026-03-25T16:46:24","modified_gmt":"2026-03-25T13:46:24","slug":"hator-gravity-tkl-white-htk561ua","status":"publish","type":"product","link":"https:\/\/shop.hator.gg\/pl\/keyboards\/hator-gravity-tkl-white-htk561ua\/","title":{"rendered":"HATOR Gravity TKL White (HTK561UA)"},"content":{"rendered":"","protected":false},"excerpt":{"rendered":"HATOR Gravity TKL to kompaktowa klawiatura gamingowa, stworzona z my\u015bl\u0105 o maksymalnym komforcie i precyzji podczas gry. Dzi\u0119ki zaawansowanej technologii i stylowemu designowi staje si\u0119 niezawodnym narz\u0119dziem dla graczy, kt\u00f3rzy d\u0105\u017c\u0105 do osi\u0105gni\u0119cia nowych szczyt\u00f3w w swoich przygodach gamingowych.","protected":false},"featured_media":75505,"template":"","meta":[],"translation":{"provider":"WPGlobus","version":"2.5.11","language":"pl","enabled_languages":["en","ua","de","pl"],"languages":{"en":{"title":true,"content":false,"excerpt":true},"ua":{"title":false,"content":false,"excerpt":true},"de":{"title":false,"content":false,"excerpt":true},"pl":{"title":false,"content":false,"excerpt":true}}},"aioseo_notices":[],"_links":{"self":[{"href":"https:\/\/shop.hator.gg\/pl\/wp-json\/wp\/v2\/product\/75512"}],"collection":[{"href":"https:\/\/shop.hator.gg\/pl\/wp-json\/wp\/v2\/product"}],"about":[{"href":"https:\/\/shop.hator.gg\/pl\/wp-json\/wp\/v2\/types\/product"}],"wp:featuredmedia":[{"embeddable":true,"href":"https:\/\/shop.hator.gg\/pl\/wp-json\/wp\/v2\/media\/75505"}],"wp:attachment":[{"href":"https:\/\/shop.hator.gg\/pl\/wp-json\/wp\/v2\/media?parent=75512"}],"curies":[{"name":"wp","href":"https:\/\/api.w.org\/{rel}","templated":true}]}}