{"id":73019,"date":"2024-09-23T22:43:31","date_gmt":"2024-09-23T19:43:31","guid":{"rendered":"https:\/\/shop.hator.gg\/?post_type=product&#038;p=73019"},"modified":"2026-04-01T18:12:43","modified_gmt":"2026-04-01T15:12:43","slug":"hator-icefall-white-htk405ua","status":"publish","type":"product","link":"https:\/\/shop.hator.gg\/pl\/keyboards\/hator-icefall-white-htk405ua\/","title":{"rendered":"HATOR Icefall White (HTK405UA)"},"content":{"rendered":"","protected":false},"excerpt":{"rendered":"Pe\u0142nowymiarowa klawiatura membranowa HATOR Icefall to idealny wyb\u00f3r dla os\u00f3b ceni\u0105cych wygod\u0119 i wysok\u0105 wydajno\u015b\u0107. Dzi\u0119ki cichej pracy, szerokiej gamie funkcji, przemy\u015blanej konstrukcji i bogatemu o\u015bwietleniu RGB, ta klawiatura nadaje si\u0119 do r\u00f3\u017cnych scenariuszy u\u017cytkowania.","protected":false},"featured_media":73020,"template":"","meta":[],"translation":{"provider":"WPGlobus","version":"2.5.11","language":"pl","enabled_languages":["en","ua","de","pl"],"languages":{"en":{"title":true,"content":false,"excerpt":true},"ua":{"title":false,"content":false,"excerpt":true},"de":{"title":false,"content":false,"excerpt":true},"pl":{"title":false,"content":false,"excerpt":true}}},"aioseo_notices":[],"_links":{"self":[{"href":"https:\/\/shop.hator.gg\/pl\/wp-json\/wp\/v2\/product\/73019"}],"collection":[{"href":"https:\/\/shop.hator.gg\/pl\/wp-json\/wp\/v2\/product"}],"about":[{"href":"https:\/\/shop.hator.gg\/pl\/wp-json\/wp\/v2\/types\/product"}],"wp:featuredmedia":[{"embeddable":true,"href":"https:\/\/shop.hator.gg\/pl\/wp-json\/wp\/v2\/media\/73020"}],"wp:attachment":[{"href":"https:\/\/shop.hator.gg\/pl\/wp-json\/wp\/v2\/media?parent=73019"}],"curies":[{"name":"wp","href":"https:\/\/api.w.org\/{rel}","templated":true}]}}