{"id":61713,"date":"2024-05-22T12:48:56","date_gmt":"2024-05-22T09:48:56","guid":{"rendered":"https:\/\/shop.hator.gg\/?post_type=product&#038;p=61713"},"modified":"2025-12-31T01:12:44","modified_gmt":"2025-12-30T22:12:44","slug":"hator-pulsar-2-mint-htm-513","status":"publish","type":"product","link":"https:\/\/shop.hator.gg\/pl\/mice\/hator-pulsar-2-mint-htm-513\/","title":{"rendered":"HATOR Pulsar 2 Mint (HTM-513)"},"content":{"rendered":"","protected":false},"excerpt":{"rendered":"[show_any_info_btn hatordomen=\"https:\/\/hator.gg\" link=\"\/mice\/pulsar-2\" descua=\"\u041e\u043f\u0442\u0438\u043c\u0430\u043b\u044c\u043d\u0438\u0439 \u0432\u0438\u0431\u0456\u0440 \u0434\u043b\u044f \u0441\u0443\u0447\u0430\u0441\u043d\u043e\u0433\u043e \u0433\u0435\u0439\u043c\u0435\u0440\u0430. \u0422\u043e\u0447\u043d\u0438\u0439 \u0441\u0435\u043d\u0441\u043e\u0440, \u0437\u0440\u0443\u0447\u043d\u0430 \u0444\u043e\u0440\u043c\u0430, \u043c\u0430\u043b\u0430 \u0432\u0430\u0433\u0430 \u0442\u0430 \u044f\u0441\u043a\u0440\u0430\u0432\u0435 RGB \u043f\u0456\u0434\u0441\u0432\u0456\u0447\u0443\u0432\u0430\u043d\u043d\u044f \u2013 \u0432\u0441\u0435 \u0446\u0435 \u043f\u043e\u0454\u0434\u043d\u0430\u043d\u043e \u0432 HATOR Pulsar 2!\" descru=\"\u041e\u043f\u0442\u0438\u043c\u0430\u043b\u044c\u043d\u0438\u0439 \u0432\u0438\u0431\u0456\u0440 \u0434\u043b\u044f \u0441\u0443\u0447\u0430\u0441\u043d\u043e\u0433\u043e \u0433\u0435\u0439\u043c\u0435\u0440\u0430. \u0422\u043e\u0447\u043d\u0438\u0439 \u0441\u0435\u043d\u0441\u043e\u0440, \u0437\u0440\u0443\u0447\u043d\u0430 \u0444\u043e\u0440\u043c\u0430, \u043c\u0430\u043b\u0430 \u0432\u0430\u0433\u0430 \u0442\u0430 \u044f\u0441\u043a\u0440\u0430\u0432\u0435 RGB \u043f\u0456\u0434\u0441\u0432\u0456\u0447\u0443\u0432\u0430\u043d\u043d\u044f \u2013 \u0432\u0441\u0435 \u0446\u0435 \u043f\u043e\u0454\u0434\u043d\u0430\u043d\u043e \u0432 HATOR Pulsar 2!\" descen=\"The best choice for a modern gamer. Accurate sensor, handy shape, low weight and bright RGB lighting \u2013 everything is combined in HATOR Pulsar 2!\" descde=\"Die optimale Wahl f\u00fcr einen modernen Gamer. Pr\u00e4ziser Sensor, praktische Form, geringes Gewicht und helle RGB-Beleuchtung \u2013 all das vereint HATOR Pulsar 2!\" descpl=\"Optymalny wyb\u00f3r dla wsp\u00f3\u0142czesnego gracza. Dok\u0142adny czujnik, wygodny kszta\u0142t, niewielka waga i jasne o\u015bwietlenie RGB \u2013 to wszystko \u0142\u0105czy si\u0119 w HATOR Pulsar 2!\"]","protected":false},"featured_media":61700,"template":"","meta":[],"translation":{"provider":"WPGlobus","version":"2.5.11","language":"pl","enabled_languages":["en","ua","de","pl"],"languages":{"en":{"title":true,"content":false,"excerpt":true},"ua":{"title":false,"content":false,"excerpt":false},"de":{"title":false,"content":false,"excerpt":false},"pl":{"title":false,"content":false,"excerpt":false}}},"aioseo_notices":[],"_links":{"self":[{"href":"https:\/\/shop.hator.gg\/pl\/wp-json\/wp\/v2\/product\/61713"}],"collection":[{"href":"https:\/\/shop.hator.gg\/pl\/wp-json\/wp\/v2\/product"}],"about":[{"href":"https:\/\/shop.hator.gg\/pl\/wp-json\/wp\/v2\/types\/product"}],"wp:featuredmedia":[{"embeddable":true,"href":"https:\/\/shop.hator.gg\/pl\/wp-json\/wp\/v2\/media\/61700"}],"wp:attachment":[{"href":"https:\/\/shop.hator.gg\/pl\/wp-json\/wp\/v2\/media?parent=61713"}],"curies":[{"name":"wp","href":"https:\/\/api.w.org\/{rel}","templated":true}]}}