{"id":57249,"date":"2024-04-12T14:51:03","date_gmt":"2024-04-12T11:51:03","guid":{"rendered":"https:\/\/shop.hator.gg\/?post_type=product&#038;p=57249"},"modified":"2024-08-28T14:10:18","modified_gmt":"2024-08-28T11:10:18","slug":"glass-skates-for-hator-pulsar-series-mice-acc-095-white","status":"publish","type":"product","link":"https:\/\/shop.hator.gg\/pl\/accessories\/glass-skates-for-hator-pulsar-series-mice-acc-095-white\/","title":{"rendered":"Szklane podk\u0142adki do myszy z serii HATOR Pulsar (ACC-095) White"},"content":{"rendered":"","protected":false},"excerpt":{"rendered":"[show_any_info_btn hatordomen=\"https:\/\/hator.gg\" link=\"\/accessories\/mice-accessories\/pulsar-series-skates\/\" descua=\"\u041d\u0430\u0434\u0448\u0432\u0438\u0434\u043a\u0456 \u0433\u043b\u0430\u0439\u0434\u0438, \u0432\u0438\u0433\u043e\u0442\u043e\u0432\u043b\u0435\u043d\u0456 \u0437 \u043c\u0456\u0446\u043d\u043e\u0433\u043e \u0430\u043b\u044e\u043c\u043e\u0441\u0438\u043b\u0456\u043a\u0430\u0442\u043d\u043e\u0433\u043e \u0441\u043a\u043b\u0430, \u043d\u0430\u0434\u0430\u0434\u0443\u0442\u044c \u0432\u0430\u043c \u043f\u0435\u0440\u0435\u0432\u0430\u0433\u0443 \u043f\u0440\u0438 \u043f\u0440\u0438\u0446\u0456\u043b\u044e\u0432\u0430\u043d\u043d\u0456 \u0442\u0430 \u0432\u0456\u0434\u0441\u0442\u0435\u0436\u0443\u0432\u0430\u043d\u043d\u0456. \u0414\u043e\u0434\u0430\u0442\u043a\u043e\u0432\u0438\u043c\u0438 \u043f\u0435\u0440\u0435\u0432\u0430\u0433\u0430\u043c\u0438 \u0433\u043b\u0430\u0439\u0434\u0456\u0432 \u0454 \u0441\u0442\u0438\u043b\u044c\u043d\u0438\u0439 \u0434\u0438\u0437\u0430\u0439\u043d \u0442\u0430 \u043c\u0430\u0439\u0436\u0435 \u043d\u0435\u043e\u0431\u043c\u0435\u0436\u0435\u043d\u0438\u0439 \u0440\u0435\u0441\u0443\u0440\u0441 \u0435\u043a\u0441\u043f\u043b\u0443\u0430\u0442\u0430\u0446\u0456\u0457.\" descru=\"\u041d\u0430\u0434\u0448\u0432\u0438\u0434\u043a\u0456 \u0433\u043b\u0430\u0439\u0434\u0438, \u0432\u0438\u0433\u043e\u0442\u043e\u0432\u043b\u0435\u043d\u0456 \u0437 \u043c\u0456\u0446\u043d\u043e\u0433\u043e \u0430\u043b\u044e\u043c\u043e\u0441\u0438\u043b\u0456\u043a\u0430\u0442\u043d\u043e\u0433\u043e \u0441\u043a\u043b\u0430, \u043d\u0430\u0434\u0430\u0434\u0443\u0442\u044c \u0432\u0430\u043c \u043f\u0435\u0440\u0435\u0432\u0430\u0433\u0443 \u043f\u0440\u0438 \u043f\u0440\u0438\u0446\u0456\u043b\u044e\u0432\u0430\u043d\u043d\u0456 \u0442\u0430 \u0432\u0456\u0434\u0441\u0442\u0435\u0436\u0443\u0432\u0430\u043d\u043d\u0456. \u0414\u043e\u0434\u0430\u0442\u043a\u043e\u0432\u0438\u043c\u0438 \u043f\u0435\u0440\u0435\u0432\u0430\u0433\u0430\u043c\u0438 \u0433\u043b\u0430\u0439\u0434\u0456\u0432 \u0454 \u0441\u0442\u0438\u043b\u044c\u043d\u0438\u0439 \u0434\u0438\u0437\u0430\u0439\u043d \u0442\u0430 \u043c\u0430\u0439\u0436\u0435 \u043d\u0435\u043e\u0431\u043c\u0435\u0436\u0435\u043d\u0438\u0439 \u0440\u0435\u0441\u0443\u0440\u0441 \u0435\u043a\u0441\u043f\u043b\u0443\u0430\u0442\u0430\u0446\u0456\u0457.\" descen=\"Ultra-fast skates made of durable aluminosilicate glass will give you an advantage in aiming and tracking. Additional advantages of skates are a stylish design and an almost unlimited service life.\" descde=\"Ultraschnelle Schlittschuhe aus langlebigem Aluminosilikatglas verschaffen Ihnen einen Vorteil beim Zielen und Verfolgen. Weitere Vorteile von Schlittschuhen sind ein stilvolles Design und eine nahezu unbegrenzte Lebensdauer.\" descpl=\"Ultraszybkie \u015blizgacze wykonane z wytrzyma\u0142ego szk\u0142a glinokrzemianowego dadz\u0105 Ci przewag\u0119 w celowaniu i \u015bledzeniu. Dodatkowymi zaletami \u015blizgaczy jest stylowy wygl\u0105d i niemal nieograniczona \u017cywotno\u015b\u0107.\"]","protected":false},"featured_media":57242,"template":"","meta":[],"translation":{"provider":"WPGlobus","version":"2.5.11","language":"pl","enabled_languages":["en","ua","de","pl"],"languages":{"en":{"title":true,"content":false,"excerpt":true},"ua":{"title":true,"content":false,"excerpt":false},"de":{"title":true,"content":false,"excerpt":false},"pl":{"title":true,"content":false,"excerpt":false}}},"aioseo_notices":[],"_links":{"self":[{"href":"https:\/\/shop.hator.gg\/pl\/wp-json\/wp\/v2\/product\/57249"}],"collection":[{"href":"https:\/\/shop.hator.gg\/pl\/wp-json\/wp\/v2\/product"}],"about":[{"href":"https:\/\/shop.hator.gg\/pl\/wp-json\/wp\/v2\/types\/product"}],"wp:featuredmedia":[{"embeddable":true,"href":"https:\/\/shop.hator.gg\/pl\/wp-json\/wp\/v2\/media\/57242"}],"wp:attachment":[{"href":"https:\/\/shop.hator.gg\/pl\/wp-json\/wp\/v2\/media?parent=57249"}],"curies":[{"name":"wp","href":"https:\/\/api.w.org\/{rel}","templated":true}]}}