{"id":53548,"date":"2024-03-12T17:59:12","date_gmt":"2024-03-12T14:59:12","guid":{"rendered":"https:\/\/shop.hator.gg\/?post_type=product&#038;p=53548"},"modified":"2025-05-31T09:12:44","modified_gmt":"2025-05-31T06:12:44","slug":"set-of-pbt-keycaps-authentic-edition-black-hts-701","status":"publish","type":"product","link":"https:\/\/shop.hator.gg\/pl\/accessories\/set-of-pbt-keycaps-authentic-edition-black-hts-701\/","title":{"rendered":"Set of PBT keycaps Authentic Edition Black (HTS-701)"},"content":{"rendered":"","protected":false},"excerpt":{"rendered":"[show_any_info_btn hatordomen=\"https:\/\/hator.gg\" link=\"\/accessories\/keyboards-accessories\/set-of-pbt-keycaps-authentic-edition\" descua=\"\u0417\u0440\u043e\u0431\u0438 \u0441\u0432\u043e\u044e \u043a\u043b\u0430\u0432\u0456\u0430\u0442\u0443\u0440\u0443 \u0434\u0456\u0439\u0441\u043d\u043e \u0430\u0432\u0442\u0435\u043d\u0442\u0438\u0447\u043d\u043e\u044e \u0437 \u043b\u0456\u043c\u0456\u0442\u043e\u0432\u0430\u043d\u0438\u043c \u0441\u0435\u0442\u043e\u043c \u043a\u0435\u0439\u043a\u0430\u043f\u0456\u0432!\" descru=\"\u0417\u0440\u043e\u0431\u0438 \u0441\u0432\u043e\u044e \u043a\u043b\u0430\u0432\u0456\u0430\u0442\u0443\u0440\u0443 \u0434\u0456\u0439\u0441\u043d\u043e \u0430\u0432\u0442\u0435\u043d\u0442\u0438\u0447\u043d\u043e\u044e \u0437 \u043b\u0456\u043c\u0456\u0442\u043e\u0432\u0430\u043d\u0438\u043c \u0441\u0435\u0442\u043e\u043c \u043a\u0435\u0439\u043a\u0430\u043f\u0456\u0432!\" descen=\"Make your keyboard truly authentic with a limited set of keycaps!\" descde=\"Machen Sie Ihre Tastatur mit einem begrenzten Satz Tastenkappen wirklich authentisch!\" descpl=\"Spraw, aby Twoja klawiatura by\u0142a naprawd\u0119 autentyczna dzi\u0119ki ograniczonemu zestawowi klawiszy!\"]","protected":false},"featured_media":53549,"template":"","meta":[],"translation":{"provider":"WPGlobus","version":"2.5.11","language":"pl","enabled_languages":["en","ua","de","pl"],"languages":{"en":{"title":true,"content":false,"excerpt":true},"ua":{"title":true,"content":false,"excerpt":false},"de":{"title":false,"content":false,"excerpt":false},"pl":{"title":false,"content":false,"excerpt":false}}},"aioseo_notices":[],"_links":{"self":[{"href":"https:\/\/shop.hator.gg\/pl\/wp-json\/wp\/v2\/product\/53548"}],"collection":[{"href":"https:\/\/shop.hator.gg\/pl\/wp-json\/wp\/v2\/product"}],"about":[{"href":"https:\/\/shop.hator.gg\/pl\/wp-json\/wp\/v2\/types\/product"}],"wp:featuredmedia":[{"embeddable":true,"href":"https:\/\/shop.hator.gg\/pl\/wp-json\/wp\/v2\/media\/53549"}],"wp:attachment":[{"href":"https:\/\/shop.hator.gg\/pl\/wp-json\/wp\/v2\/media?parent=53548"}],"curies":[{"name":"wp","href":"https:\/\/api.w.org\/{rel}","templated":true}]}}