{"id":52502,"date":"2024-03-01T15:30:02","date_gmt":"2024-03-01T12:30:02","guid":{"rendered":"https:\/\/shop.hator.gg\/?post_type=product&#038;p=52502"},"modified":"2026-03-25T16:32:45","modified_gmt":"2026-03-25T13:32:45","slug":"hator-rockfall-2-mecha-tkl-autograph-edition-choco-htk-527","status":"publish","type":"product","link":"https:\/\/shop.hator.gg\/pl\/keyboards\/hator-rockfall-2-mecha-tkl-autograph-edition-choco-htk-527\/","title":{"rendered":"HATOR Rockfall 2 Mecha TKL Autograph Edition Choco (HTK-527)"},"content":{"rendered":"","protected":false},"excerpt":{"rendered":"[show_any_info_btn hatordomen=\"https:\/\/hator.gg\" link=\"\/keyboards\/rockfall-2-mecha-tkl-autograph-edition\" descua=\"\u0412\u0438\u0448\u0443\u043a\u0430\u043d\u0438\u0439 \u0442\u0430 \u044f\u0441\u043a\u0440\u0430\u0432\u0438\u0439 \u0434\u0438\u0437\u0430\u0439\u043d \u043a\u043b\u0430\u0432\u0456\u0430\u0442\u0443\u0440 Autograph Edition \u0434\u043e\u043f\u043e\u043c\u043e\u0436\u0435 \u0443\u0440\u0456\u0437\u043d\u043e\u043c\u0430\u043d\u0456\u0442\u043d\u0438\u0442\u0438 \u0432\u0430\u0448 \u0441\u0435\u0442\u0430\u043f...\" descru=\"\u0412\u0438\u0448\u0443\u043a\u0430\u043d\u0438\u0439 \u0442\u0430 \u044f\u0441\u043a\u0440\u0430\u0432\u0438\u0439 \u0434\u0438\u0437\u0430\u0439\u043d \u043a\u043b\u0430\u0432\u0456\u0430\u0442\u0443\u0440 Autograph Edition \u0434\u043e\u043f\u043e\u043c\u043e\u0436\u0435 \u0443\u0440\u0456\u0437\u043d\u043e\u043c\u0430\u043d\u0456\u0442\u043d\u0438\u0442\u0438 \u0432\u0430\u0448 \u0441\u0435\u0442\u0430\u043f...\" descen=\"The refined and bright design of the Autograph Edition keyboards will help to diversify your setup...\" descde=\"Das raffinierte und helle Design der Autograph Edition-Tastaturen tr\u00e4gt zur Abwechslung Ihres Setups bei...\" descpl=\"Wyrafinowany i jasny design klawiatur Autograph Edition pomo\u017ce urozmaici\u0107 Twoj\u0105 konfiguracj\u0119...\"]","protected":false},"featured_media":52503,"template":"","meta":[],"translation":{"provider":"WPGlobus","version":"2.5.11","language":"pl","enabled_languages":["en","ua","de","pl"],"languages":{"en":{"title":true,"content":false,"excerpt":true},"ua":{"title":false,"content":false,"excerpt":false},"de":{"title":false,"content":false,"excerpt":false},"pl":{"title":false,"content":false,"excerpt":false}}},"aioseo_notices":[],"_links":{"self":[{"href":"https:\/\/shop.hator.gg\/pl\/wp-json\/wp\/v2\/product\/52502"}],"collection":[{"href":"https:\/\/shop.hator.gg\/pl\/wp-json\/wp\/v2\/product"}],"about":[{"href":"https:\/\/shop.hator.gg\/pl\/wp-json\/wp\/v2\/types\/product"}],"wp:featuredmedia":[{"embeddable":true,"href":"https:\/\/shop.hator.gg\/pl\/wp-json\/wp\/v2\/media\/52503"}],"wp:attachment":[{"href":"https:\/\/shop.hator.gg\/pl\/wp-json\/wp\/v2\/media?parent=52502"}],"curies":[{"name":"wp","href":"https:\/\/api.w.org\/{rel}","templated":true}]}}