{"id":41324,"date":"2023-12-04T16:17:49","date_gmt":"2023-12-04T13:17:49","guid":{"rendered":"https:\/\/shop.hator.gg\/?post_type=product&#038;p=41324"},"modified":"2026-03-25T17:13:08","modified_gmt":"2026-03-25T14:13:08","slug":"hator-phoenix-7-1-rgb-stellar-pro-%d0%bd%d1%82%d0%ba-001","status":"publish","type":"product","link":"https:\/\/shop.hator.gg\/pl\/headsets\/hator-phoenix-7-1-rgb-stellar-pro-%d0%bd%d1%82%d0%ba-001\/","title":{"rendered":"HATOR Phoenix 7.1 RGB + Stellar PRO (\u041d\u0422R-001)"},"content":{"rendered":"","protected":false},"excerpt":{"rendered":"[show_any_info_btn hatordomen=\"https:\/\/hator.gg\" link=\"\/audio\/phoenix-rgb-7-1-usb-and-mice-stellar-pro\" descua=\"\u041a\u043e\u043c\u043f\u043b\u0435\u043a\u0442 \u2013 \u0437\u043d\u0430\u0445\u0456\u0434\u043a\u0430 \u0434\u043b\u044f \u0433\u0435\u0439\u043c\u0435\u0440\u0430! \u042f\u0441\u043a\u0440\u0430\u0432\u0430 \u0433\u0430\u0440\u043d\u0456\u0442\u0443\u0440\u0430 HATOR Phoenix 7.1 RGB \u0437 \u043f\u043e\u0442\u0443\u0436\u043d\u0438\u043c \u0437\u0432\u0443\u0447\u0430\u043d\u043d\u044f\u043c HI-FI \u0440\u0456\u0432\u043d\u044f \u0442\u0430 \u043d\u0430\u0434\u043b\u0435\u0433\u043a\u0430 \u043c\u0438\u0448\u043a\u0430 Stellar Pro \u0434\u043e\u0437\u0432\u043e\u043b\u044f\u0442\u044c \u0432 \u043f\u043e\u0432\u043d\u0456\u0439 \u043c\u0456\u0440\u0456 \u043d\u0430\u0441\u043e\u043b\u043e\u0434\u0436\u0443\u0432\u0430\u0442\u0438\u0441\u044f \u0456\u0433\u0440\u043e\u0432\u0438\u043c \u043f\u0440\u043e\u0446\u0435\u0441\u043e\u043c.\" descru=\"\u041a\u043e\u043c\u043f\u043b\u0435\u043a\u0442 \u2013 \u0437\u043d\u0430\u0445\u0456\u0434\u043a\u0430 \u0434\u043b\u044f \u0433\u0435\u0439\u043c\u0435\u0440\u0430! \u042f\u0441\u043a\u0440\u0430\u0432\u0430 \u0433\u0430\u0440\u043d\u0456\u0442\u0443\u0440\u0430 HATOR Phoenix 7.1 RGB \u0437 \u043f\u043e\u0442\u0443\u0436\u043d\u0438\u043c \u0437\u0432\u0443\u0447\u0430\u043d\u043d\u044f\u043c HI-FI \u0440\u0456\u0432\u043d\u044f \u0442\u0430 \u043d\u0430\u0434\u043b\u0435\u0433\u043a\u0430 \u043c\u0438\u0448\u043a\u0430 Stellar Pro \u0434\u043e\u0437\u0432\u043e\u043b\u044f\u0442\u044c \u0432 \u043f\u043e\u0432\u043d\u0456\u0439 \u043c\u0456\u0440\u0456 \u043d\u0430\u0441\u043e\u043b\u043e\u0434\u0436\u0443\u0432\u0430\u0442\u0438\u0441\u044f \u0456\u0433\u0440\u043e\u0432\u0438\u043c \u043f\u0440\u043e\u0446\u0435\u0441\u043e\u043c.\" descen=\"The kit is a treasure trove for gamers! The bright HATOR Phoenix 7.1 RGB headset with powerful HI-FI sounds equals the lightness of the Stellar Pro bear, allowing you to enjoy the gaming process in the whole world.\" descde=\"Das Kit ist eine Fundgrube f\u00fcr Gamer! Das helle HATOR Phoenix 7.1 RGB-Headset mit kraftvollen HI-FI-Sounds entspricht der Leichtigkeit des Stellar Pro-B\u00e4ren und erm\u00f6glicht es Ihnen, den Spielprozess auf der ganzen Welt zu genie\u00dfen.\" descpl=\"Zestaw jest skarbnic\u0105 dla graczy! Jasny zestaw s\u0142uchawkowy HATOR Phoenix 7.1 RGB z pot\u0119\u017cnymi d\u017awi\u0119kami HI-FI dor\u00f3wnuje lekko\u015bci misia Stellar Pro, pozwalaj\u0105c cieszy\u0107 si\u0119 procesem gry na ca\u0142ym \u015bwiecie.\"]","protected":false},"featured_media":41325,"template":"","meta":[],"translation":{"provider":"WPGlobus","version":"2.5.11","language":"pl","enabled_languages":["en","ua","de","pl"],"languages":{"en":{"title":true,"content":false,"excerpt":true},"ua":{"title":false,"content":false,"excerpt":false},"de":{"title":false,"content":false,"excerpt":false},"pl":{"title":false,"content":false,"excerpt":false}}},"aioseo_notices":[],"_links":{"self":[{"href":"https:\/\/shop.hator.gg\/pl\/wp-json\/wp\/v2\/product\/41324"}],"collection":[{"href":"https:\/\/shop.hator.gg\/pl\/wp-json\/wp\/v2\/product"}],"about":[{"href":"https:\/\/shop.hator.gg\/pl\/wp-json\/wp\/v2\/types\/product"}],"wp:featuredmedia":[{"embeddable":true,"href":"https:\/\/shop.hator.gg\/pl\/wp-json\/wp\/v2\/media\/41325"}],"wp:attachment":[{"href":"https:\/\/shop.hator.gg\/pl\/wp-json\/wp\/v2\/media?parent=41324"}],"curies":[{"name":"wp","href":"https:\/\/api.w.org\/{rel}","templated":true}]}}