{"id":40828,"date":"2023-11-29T13:16:56","date_gmt":"2023-11-29T10:16:56","guid":{"rendered":"https:\/\/shop.hator.gg\/?post_type=product&#038;p=40828"},"modified":"2026-03-25T16:51:45","modified_gmt":"2026-03-25T13:51:45","slug":"hator-hyperpunk-truetones-hd-hta-415-black","status":"publish","type":"product","link":"https:\/\/shop.hator.gg\/pl\/tws\/hator-hyperpunk-truetones-hd-hta-415-black\/","title":{"rendered":"HATOR Hyperpunk Truetones HD (HTA-415) Black"},"content":{"rendered":"","protected":false},"excerpt":{"rendered":"[show_any_info_btn hatordomen=\"https:\/\/hator.gg\" link=\"\/tws\/hyperpunk-truetones-hd\/\" descua=\"HATOR Hy\u0440\u0435rpunk Truetones HD \u2013 \u0433\u0430\u0440\u043d\u0456\u0442\u0443\u0440\u0430 \u043d\u0430 \u043a\u043e\u0436\u0435\u043d \u0434\u0435\u043d\u044c. \u0406\u0434\u0435\u0430\u043b\u044c\u043d\u0438\u0439 \u0432\u0438\u0431\u0456\u0440 \u0434\u043b\u044f \u0442\u0438\u0445, \u0445\u0442\u043e \u0448\u0443\u043a\u0430\u0454 \u043f\u043e\u0454\u0434\u043d\u0430\u043d\u043d\u044f \u043a\u043e\u043c\u043f\u0430\u043a\u0442\u043d\u043e\u0433\u043e \u0440\u043e\u0437\u043c\u0456\u0440\u0443 \u0442\u0430 \u044f\u043a\u0456\u0441\u043d\u043e\u0433\u043e \u0437\u0432\u0443\u0447\u0430\u043d\u043d\u044f.\" descru=\"HATOR Hy\u0440\u0435rpunk Truetones HD \u2013 \u0433\u0430\u0440\u043d\u0456\u0442\u0443\u0440\u0430 \u043d\u0430 \u043a\u043e\u0436\u0435\u043d \u0434\u0435\u043d\u044c. \u0406\u0434\u0435\u0430\u043b\u044c\u043d\u0438\u0439 \u0432\u0438\u0431\u0456\u0440 \u0434\u043b\u044f \u0442\u0438\u0445, \u0445\u0442\u043e \u0448\u0443\u043a\u0430\u0454 \u043f\u043e\u0454\u0434\u043d\u0430\u043d\u043d\u044f \u043a\u043e\u043c\u043f\u0430\u043a\u0442\u043d\u043e\u0433\u043e \u0440\u043e\u0437\u043c\u0456\u0440\u0443 \u0442\u0430 \u044f\u043a\u0456\u0441\u043d\u043e\u0433\u043e \u0437\u0432\u0443\u0447\u0430\u043d\u043d\u044f.\" descen=\"HATOR Hyrerpunk Truetones HD \u2013 headset for every day. An ideal choice for those looking for a combination of compact size and high-quality sound.\" descde=\"HATOR Hyrerpunk Truetones HD \u2013 Headset f\u00fcr jeden Tag. Eine ideale Wahl f\u00fcr alle, die eine Kombination aus kompakter Gr\u00f6\u00dfe und hochwertigem Klang suchen\" descpl=\"HATOR Hyrerpunk Truetones HD \u2013 s\u0142uchawki na co dzie\u0144. Idealny wyb\u00f3r dla os\u00f3b poszukuj\u0105cych po\u0142\u0105czenia kompaktowych rozmiar\u00f3w i wysokiej jako\u015bci d\u017awi\u0119ku.\"]","protected":false},"featured_media":40831,"template":"","meta":[],"translation":{"provider":"WPGlobus","version":"2.5.11","language":"pl","enabled_languages":["en","ua","de","pl"],"languages":{"en":{"title":true,"content":false,"excerpt":true},"ua":{"title":false,"content":false,"excerpt":false},"de":{"title":false,"content":false,"excerpt":false},"pl":{"title":false,"content":false,"excerpt":false}}},"aioseo_notices":[],"_links":{"self":[{"href":"https:\/\/shop.hator.gg\/pl\/wp-json\/wp\/v2\/product\/40828"}],"collection":[{"href":"https:\/\/shop.hator.gg\/pl\/wp-json\/wp\/v2\/product"}],"about":[{"href":"https:\/\/shop.hator.gg\/pl\/wp-json\/wp\/v2\/types\/product"}],"wp:featuredmedia":[{"embeddable":true,"href":"https:\/\/shop.hator.gg\/pl\/wp-json\/wp\/v2\/media\/40831"}],"wp:attachment":[{"href":"https:\/\/shop.hator.gg\/pl\/wp-json\/wp\/v2\/media?parent=40828"}],"curies":[{"name":"wp","href":"https:\/\/api.w.org\/{rel}","templated":true}]}}