{"id":39559,"date":"2023-11-17T19:59:47","date_gmt":"2023-11-17T16:59:47","guid":{"rendered":"https:\/\/shop.hator.gg\/?post_type=product&#038;p=39559"},"modified":"2026-03-25T17:12:57","modified_gmt":"2026-03-25T14:12:57","slug":"hator-rockfall-2-tkl-mecha-orange-black-htk-520","status":"publish","type":"product","link":"https:\/\/shop.hator.gg\/pl\/keyboards\/hator-rockfall-2-tkl-mecha-orange-black-htk-520\/","title":{"rendered":"HATOR Rockfall 2 Mecha TKL Orange Black (HTK-520)"},"content":{"rendered":"","protected":false},"excerpt":{"rendered":"Do\u015bwiadcz nowego poziomu komfortu podczas korzystania z klawiatury! Dba\u0142o\u015b\u0107 o ka\u017cdy element konstrukcji zapewni\u0142a niezr\u00f3wnany komfort akustyczny i doskona\u0142e wra\u017cenia dotykowe podczas pracy z HATOR Rockfall 2 Mecha TKL.","protected":false},"featured_media":33777,"template":"","meta":[],"translation":{"provider":"WPGlobus","version":"2.5.11","language":"pl","enabled_languages":["en","ua","de","pl"],"languages":{"en":{"title":true,"content":false,"excerpt":true},"ua":{"title":false,"content":false,"excerpt":true},"de":{"title":false,"content":false,"excerpt":true},"pl":{"title":false,"content":false,"excerpt":true}}},"aioseo_notices":[],"_links":{"self":[{"href":"https:\/\/shop.hator.gg\/pl\/wp-json\/wp\/v2\/product\/39559"}],"collection":[{"href":"https:\/\/shop.hator.gg\/pl\/wp-json\/wp\/v2\/product"}],"about":[{"href":"https:\/\/shop.hator.gg\/pl\/wp-json\/wp\/v2\/types\/product"}],"wp:featuredmedia":[{"embeddable":true,"href":"https:\/\/shop.hator.gg\/pl\/wp-json\/wp\/v2\/media\/33777"}],"wp:attachment":[{"href":"https:\/\/shop.hator.gg\/pl\/wp-json\/wp\/v2\/media?parent=39559"}],"curies":[{"name":"wp","href":"https:\/\/api.w.org\/{rel}","templated":true}]}}