{"id":39277,"date":"2023-11-16T11:19:20","date_gmt":"2023-11-16T08:19:20","guid":{"rendered":"https:\/\/shop.hator.gg\/?post_type=product&#038;p=39277"},"modified":"2026-03-25T17:28:34","modified_gmt":"2026-03-25T14:28:34","slug":"proteinmemory-foam-ear-pads-for-hator-hellraizer-acc-104","status":"publish","type":"product","link":"https:\/\/shop.hator.gg\/pl\/accessories\/proteinmemory-foam-ear-pads-for-hator-hellraizer-acc-104\/","title":{"rendered":"Nauszniki z pianki proteinowej+zapami\u0119tuj\u0105cej kszta\u0142t do HATOR Hellraizer\/Hyperpunk (ACC-104)"},"content":{"rendered":"","protected":false},"excerpt":{"rendered":"[show_any_info_btn hatordomen=\"https:\/\/hator.gg\" link=\"\/accessories\/audio-accessories\/protein-ear-cushions-for-hator-hellraizer\/\" descua=\"\u0415\u0440\u0433\u043e\u043d\u043e\u043c\u0456\u0447\u043d\u0456 \u0430\u043c\u0431\u0443\u0448\u0443\u0440\u0438 \u0437 \u043f\u0440\u043e\u0442\u0435\u0457\u043d\u043e\u0432\u043e\u0457 \u0448\u043a\u0456\u0440\u0438 \u0442\u0430 \u0441\u043f\u0435\u0446\u0456\u0430\u043b\u044c\u043d\u043e\u0457 \u043f\u0456\u043d\u0438 \u0437 \u0435\u0444\u0435\u043a\u0442\u043e\u043c \u043f\u0430\u043c\u2019\u044f\u0442\u0456 \u0434\u043b\u044f \u043a\u043e\u043c\u0444\u043e\u0440\u0442\u043d\u043e\u0433\u043e \u0432\u0438\u043a\u043e\u0440\u0438\u0441\u0442\u0430\u043d\u043d\u044f...\" descru=\"\u0415\u0440\u0433\u043e\u043d\u043e\u043c\u0456\u0447\u043d\u0456 \u0430\u043c\u0431\u0443\u0448\u0443\u0440\u0438 \u0437 \u043f\u0440\u043e\u0442\u0435\u0457\u043d\u043e\u0432\u043e\u0457 \u0448\u043a\u0456\u0440\u0438 \u0442\u0430 \u0441\u043f\u0435\u0446\u0456\u0430\u043b\u044c\u043d\u043e\u0457 \u043f\u0456\u043d\u0438 \u0437 \u0435\u0444\u0435\u043a\u0442\u043e\u043c \u043f\u0430\u043c\u2019\u044f\u0442\u0456 \u0434\u043b\u044f \u043a\u043e\u043c\u0444\u043e\u0440\u0442\u043d\u043e\u0433\u043e \u0432\u0438\u043a\u043e\u0440\u0438\u0441\u0442\u0430\u043d\u043d\u044f...\" descen=\"Ergonomic ear cushions made of protein leather and special memory foam for comfortable use...\" descde=\"Ergonomische Ohrpolster aus Proteinleder und speziellem Memory-Schaum f\u00fcr komfortables Tragen...\" descpl=\"Ergonomiczne poduszki nauszne wykonane z proteinowej sk\u00f3ry i specjalnej pianki zapami\u0119tuj\u0105cej kszta\u0142t zapewniaj\u0105 komfort u\u017cytkowania...\"]","protected":false},"featured_media":39278,"template":"","meta":[],"translation":{"provider":"WPGlobus","version":"2.5.11","language":"pl","enabled_languages":["en","ua","de","pl"],"languages":{"en":{"title":true,"content":false,"excerpt":true},"ua":{"title":true,"content":false,"excerpt":false},"de":{"title":true,"content":false,"excerpt":false},"pl":{"title":true,"content":false,"excerpt":false}}},"aioseo_notices":[],"_links":{"self":[{"href":"https:\/\/shop.hator.gg\/pl\/wp-json\/wp\/v2\/product\/39277"}],"collection":[{"href":"https:\/\/shop.hator.gg\/pl\/wp-json\/wp\/v2\/product"}],"about":[{"href":"https:\/\/shop.hator.gg\/pl\/wp-json\/wp\/v2\/types\/product"}],"wp:featuredmedia":[{"embeddable":true,"href":"https:\/\/shop.hator.gg\/pl\/wp-json\/wp\/v2\/media\/39278"}],"wp:attachment":[{"href":"https:\/\/shop.hator.gg\/pl\/wp-json\/wp\/v2\/media?parent=39277"}],"curies":[{"name":"wp","href":"https:\/\/api.w.org\/{rel}","templated":true}]}}