{"id":38545,"date":"2023-11-07T12:26:26","date_gmt":"2023-11-07T09:26:26","guid":{"rendered":"https:\/\/shop.hator.gg\/?post_type=product&#038;p=38545"},"modified":"2026-03-25T16:34:16","modified_gmt":"2026-03-25T13:34:16","slug":"hator-rockfall-2-mecha-orange-black-htk-710","status":"publish","type":"product","link":"https:\/\/shop.hator.gg\/pl\/keyboards\/hator-rockfall-2-mecha-orange-black-htk-710\/","title":{"rendered":"HATOR Rockfall 2 Mecha Orange Black (HTK-710)"},"content":{"rendered":"","protected":false},"excerpt":{"rendered":"[show_any_info_btn hatordomen=\"https:\/\/hator.gg\" link=\"\/keyboards\/rockfall-2-mecha\" descua=\"\u041f\u043e\u0432\u043d\u043e\u0440\u043e\u0437\u043c\u0456\u0440\u043d\u0430 \u0432\u0435\u0440\u0441\u0456\u044f HATOR Rockfall 2 Mecha \u043f\u043e\u0434\u0430\u0440\u0443\u0454 \u043d\u0435\u043f\u0435\u0440\u0435\u0432\u0435\u0440\u0448\u0435\u043d\u0438\u0439 \u0430\u043a\u0443\u0441\u0442\u0438\u0447\u043d\u0438\u0439 \u043a\u043e\u043c\u0444\u043e\u0440\u0442 \u0442\u0430 \u0432\u0456\u0434\u043c\u0456\u043d\u043d\u0456 \u0442\u0430\u043a\u0442\u0438\u043b\u044c\u043d\u0456 \u0432\u0456\u0434\u0447\u0443\u0442\u0442\u044f \u044f\u043a \u0443 \u0433\u0440\u0456, \u0442\u0430\u043a \u0456 \u0432 \u0440\u043e\u0431\u043e\u0442\u0456!\" descru=\"\u041f\u043e\u0432\u043d\u043e\u0440\u043e\u0437\u043c\u0456\u0440\u043d\u0430 \u0432\u0435\u0440\u0441\u0456\u044f HATOR Rockfall 2 Mecha \u043f\u043e\u0434\u0430\u0440\u0443\u0454 \u043d\u0435\u043f\u0435\u0440\u0435\u0432\u0435\u0440\u0448\u0435\u043d\u0438\u0439 \u0430\u043a\u0443\u0441\u0442\u0438\u0447\u043d\u0438\u0439 \u043a\u043e\u043c\u0444\u043e\u0440\u0442 \u0442\u0430 \u0432\u0456\u0434\u043c\u0456\u043d\u043d\u0456 \u0442\u0430\u043a\u0442\u0438\u043b\u044c\u043d\u0456 \u0432\u0456\u0434\u0447\u0443\u0442\u0442\u044f \u044f\u043a \u0443 \u0433\u0440\u0456, \u0442\u0430\u043a \u0456 \u0432 \u0440\u043e\u0431\u043e\u0442\u0456!\" descen=\"The full-size version of HATOR Rockfall 2 Mecha will provide unparalleled acoustic comfort and excellent tactile sensations both in the game and at work!\" descde=\"Die Vollversion von HATOR Rockfall 2 Mecha bietet unvergleichlichen akustischen Komfort und hervorragende Tastempfindungen sowohl im Spiel als auch bei der Arbeit!\" descpl=\"Pe\u0142nowymiarowa wersja HATOR Rockfall 2 Mecha zapewni niezr\u00f3wnany komfort akustyczny i doskona\u0142e wra\u017cenia dotykowe zar\u00f3wno w grze, jak i w pracy!\"]","protected":false},"featured_media":38548,"template":"","meta":[],"translation":{"provider":"WPGlobus","version":"2.5.11","language":"pl","enabled_languages":["en","ua","de","pl"],"languages":{"en":{"title":true,"content":false,"excerpt":true},"ua":{"title":false,"content":false,"excerpt":false},"de":{"title":false,"content":false,"excerpt":false},"pl":{"title":false,"content":false,"excerpt":false}}},"aioseo_notices":[],"_links":{"self":[{"href":"https:\/\/shop.hator.gg\/pl\/wp-json\/wp\/v2\/product\/38545"}],"collection":[{"href":"https:\/\/shop.hator.gg\/pl\/wp-json\/wp\/v2\/product"}],"about":[{"href":"https:\/\/shop.hator.gg\/pl\/wp-json\/wp\/v2\/types\/product"}],"wp:featuredmedia":[{"embeddable":true,"href":"https:\/\/shop.hator.gg\/pl\/wp-json\/wp\/v2\/media\/38548"}],"wp:attachment":[{"href":"https:\/\/shop.hator.gg\/pl\/wp-json\/wp\/v2\/media?parent=38545"}],"curies":[{"name":"wp","href":"https:\/\/api.w.org\/{rel}","templated":true}]}}