{"id":38170,"date":"2023-11-03T16:35:59","date_gmt":"2023-11-03T13:35:59","guid":{"rendered":"https:\/\/shop.hator.gg\/?post_type=product&#038;p=38170"},"modified":"2026-03-25T16:48:46","modified_gmt":"2026-03-25T13:48:46","slug":"hator-dreamcast-rgb-hta-550","status":"publish","type":"product","link":"https:\/\/shop.hator.gg\/pl\/microphones\/hator-dreamcast-rgb-hta-550\/","title":{"rendered":"HATOR Dreamcast RGB (HTA-550)"},"content":{"rendered":"","protected":false},"excerpt":{"rendered":"Streamowanie na poziomie studyjnym w domu? Z mikrofonem HATOR Dreamcast \u2013 \u017caden problem! Wysokiej jako\u015bci komponenty i szeroka funkcjonalno\u015b\u0107 mikrofonu zapewni\u0105 Twoim transmisj\u0105 niezr\u00f3wnan\u0105 jako\u015b\u0107 d\u017awi\u0119ku.","protected":false},"featured_media":38171,"template":"","meta":[],"translation":{"provider":"WPGlobus","version":"2.5.11","language":"pl","enabled_languages":["en","ua","de","pl"],"languages":{"en":{"title":true,"content":false,"excerpt":true},"ua":{"title":false,"content":false,"excerpt":true},"de":{"title":false,"content":false,"excerpt":true},"pl":{"title":false,"content":false,"excerpt":true}}},"aioseo_notices":[],"_links":{"self":[{"href":"https:\/\/shop.hator.gg\/pl\/wp-json\/wp\/v2\/product\/38170"}],"collection":[{"href":"https:\/\/shop.hator.gg\/pl\/wp-json\/wp\/v2\/product"}],"about":[{"href":"https:\/\/shop.hator.gg\/pl\/wp-json\/wp\/v2\/types\/product"}],"wp:featuredmedia":[{"embeddable":true,"href":"https:\/\/shop.hator.gg\/pl\/wp-json\/wp\/v2\/media\/38171"}],"wp:attachment":[{"href":"https:\/\/shop.hator.gg\/pl\/wp-json\/wp\/v2\/media?parent=38170"}],"curies":[{"name":"wp","href":"https:\/\/api.w.org\/{rel}","templated":true}]}}