{"id":37129,"date":"2023-10-19T11:52:01","date_gmt":"2023-10-19T08:52:01","guid":{"rendered":"https:\/\/shop.hator.gg\/?post_type=product&#038;p=37129"},"modified":"2026-03-25T17:12:59","modified_gmt":"2026-03-25T14:12:59","slug":"hator-hyperpunk-2-hta-815-black","status":"publish","type":"product","link":"https:\/\/shop.hator.gg\/pl\/headsets\/hator-hyperpunk-2-hta-815-black\/","title":{"rendered":"HATOR Hyperpunk 2 (HTA-815) Black"},"content":{"rendered":"","protected":false},"excerpt":{"rendered":"[show_any_info_btn hatordomen=\"https:\/\/hator.gg\" link=\"\/audio\/hyperpunk-2\" descua=\"HATOR Hyperpunk 2 \u043d\u0430\u0434\u0430\u0441\u0442\u044c \u0432\u0430\u043c \u0432\u0441\u0435 \u0449\u043e \u043f\u043e\u0442\u0440\u0456\u0431\u043d\u043e \u0434\u043b\u044f \u0435\u0444\u0435\u043a\u0442\u0438\u0432\u043d\u043e\u0457 \u0433\u0440\u0438 \u0442\u0430 \u0440\u043e\u0431\u043e\u0442\u0438: \u043d\u0430\u0441\u0438\u0447\u0435\u043d\u0438\u0439 \u0437\u0432\u0443\u043a \u0437 \u0432\u0456\u0434\u043c\u0456\u043d\u0438\u043c \u043f\u043e\u0437\u0438\u0446\u0456\u043e\u043d\u0443\u0432\u0430\u043d\u043d\u044f\u043c, \u044f\u043a\u0456\u0441\u043d\u0443 \u0442\u0430 \u043f\u0440\u043e\u0437\u043e\u0440\u0443 \u043f\u0435\u0440\u0435\u0434\u0430\u0447\u0443 \u0433\u043e\u043b\u043e\u0441\u0443, \u0442\u0430 \u043c\u043e\u0436\u043b\u0438\u0432\u0456\u0441\u0442\u044c \u043a\u043e\u043c\u0444\u043e\u0440\u0442\u043d\u043e\u0433\u043e \u0432\u0438\u043a\u043e\u0440\u0438\u0441\u0442\u0430\u043d\u043d\u044f \u043f\u0440\u043e\u0442\u044f\u0433\u043e\u043c \u0431\u0430\u0433\u0430\u0442\u044c\u043e\u0445 \u0433\u043e\u0434\u0438\u043d \u0437\u0430\u0432\u0434\u044f\u043a\u0438 \u043b\u0435\u0433\u043a\u0456\u0439 \u0442\u0430 \u0435\u0440\u0433\u043e\u043d\u043e\u043c\u0456\u0447\u043d\u0456\u0439 \u043a\u043e\u043d\u0441\u0442\u0440\u0443\u043a\u0446\u0456\u0457.\" descru=\"HATOR Hyperpunk 2 \u043d\u0430\u0434\u0430\u0441\u0442\u044c \u0432\u0430\u043c \u0432\u0441\u0435 \u0449\u043e \u043f\u043e\u0442\u0440\u0456\u0431\u043d\u043e \u0434\u043b\u044f \u0435\u0444\u0435\u043a\u0442\u0438\u0432\u043d\u043e\u0457 \u0433\u0440\u0438 \u0442\u0430 \u0440\u043e\u0431\u043e\u0442\u0438: \u043d\u0430\u0441\u0438\u0447\u0435\u043d\u0438\u0439 \u0437\u0432\u0443\u043a \u0437 \u0432\u0456\u0434\u043c\u0456\u043d\u0438\u043c \u043f\u043e\u0437\u0438\u0446\u0456\u043e\u043d\u0443\u0432\u0430\u043d\u043d\u044f\u043c, \u044f\u043a\u0456\u0441\u043d\u0443 \u0442\u0430 \u043f\u0440\u043e\u0437\u043e\u0440\u0443 \u043f\u0435\u0440\u0435\u0434\u0430\u0447\u0443 \u0433\u043e\u043b\u043e\u0441\u0443, \u0442\u0430 \u043c\u043e\u0436\u043b\u0438\u0432\u0456\u0441\u0442\u044c \u043a\u043e\u043c\u0444\u043e\u0440\u0442\u043d\u043e\u0433\u043e \u0432\u0438\u043a\u043e\u0440\u0438\u0441\u0442\u0430\u043d\u043d\u044f \u043f\u0440\u043e\u0442\u044f\u0433\u043e\u043c \u0431\u0430\u0433\u0430\u0442\u044c\u043e\u0445 \u0433\u043e\u0434\u0438\u043d \u0437\u0430\u0432\u0434\u044f\u043a\u0438 \u043b\u0435\u0433\u043a\u0456\u0439 \u0442\u0430 \u0435\u0440\u0433\u043e\u043d\u043e\u043c\u0456\u0447\u043d\u0456\u0439 \u043a\u043e\u043d\u0441\u0442\u0440\u0443\u043a\u0446\u0456\u0457.\" descen=\"HATOR Hyperpunk 2 will give you everything. what you need for effective gaming and work: rich sound with excellent positioning, high-quality and transparent voice transmission, and the possibility of comfortable use for many hours thanks to a light and ergonomic design.\" descde=\"HATOR Hyperpunk 2 bietet Ihnen alles. Was Sie f\u00fcr effektives Spielen und Arbeiten brauchen: satter Klang mit hervorragender Positionierung, hochwertige und transparente Sprach\u00fcbertragung und die M\u00f6glichkeit einer komfortablen Nutzung \u00fcber viele Stunden dank leichtem und ergonomischem Design.\" descpl=\"HATOR Hyperpunk 2 da Ci wszystko. to, czego potrzebujesz do efektywnego grania i pracy: bogaty d\u017awi\u0119k z doskona\u0142ym pozycjonowaniem, wysokiej jako\u015bci i przejrzysta transmisja g\u0142osu oraz mo\u017cliwo\u015b\u0107 wygodnego u\u017cytkowania przez wiele godzin dzi\u0119ki lekkiej i ergonomicznej konstrukcji.\"]","protected":false},"featured_media":37130,"template":"","meta":[],"translation":{"provider":"WPGlobus","version":"2.5.11","language":"pl","enabled_languages":["en","ua","de","pl"],"languages":{"en":{"title":true,"content":false,"excerpt":true},"ua":{"title":false,"content":false,"excerpt":false},"de":{"title":false,"content":false,"excerpt":false},"pl":{"title":false,"content":false,"excerpt":false}}},"aioseo_notices":[],"_links":{"self":[{"href":"https:\/\/shop.hator.gg\/pl\/wp-json\/wp\/v2\/product\/37129"}],"collection":[{"href":"https:\/\/shop.hator.gg\/pl\/wp-json\/wp\/v2\/product"}],"about":[{"href":"https:\/\/shop.hator.gg\/pl\/wp-json\/wp\/v2\/types\/product"}],"wp:featuredmedia":[{"embeddable":true,"href":"https:\/\/shop.hator.gg\/pl\/wp-json\/wp\/v2\/media\/37130"}],"wp:attachment":[{"href":"https:\/\/shop.hator.gg\/pl\/wp-json\/wp\/v2\/media?parent=37129"}],"curies":[{"name":"wp","href":"https:\/\/api.w.org\/{rel}","templated":true}]}}