{"id":3661,"date":"2021-03-24T12:53:13","date_gmt":"2021-03-24T09:53:13","guid":{"rendered":"https:\/\/shop.hator.gg\/?post_type=product&#038;p=3661"},"modified":"2024-01-18T14:58:21","modified_gmt":"2024-01-18T11:58:21","slug":"hator-rockfall-evo-htk-615-white","status":"publish","type":"product","link":"https:\/\/shop.hator.gg\/pl\/keyboards\/hator-rockfall-evo-htk-615-white\/","title":{"rendered":"Hator Rockfall EVO (HTK-615) White"},"content":{"rendered":"","protected":false},"excerpt":{"rendered":"[show_any_info_btn hatordomen=\"https:\/\/hator.gg\" link=\"\/keyboards\/rockfall-evo\" descua=\"\u0423 HATOR Rockfall EVO \u043a\u043b\u0430\u0441\u0438\u0447\u043d\u0438\u0439 \u0444\u043e\u0440\u043c-\u0444\u0430\u043a\u0442\u043e\u0440 \u0456 \u0434\u0438\u0437\u0430\u0439\u043d \u043f\u043e\u0454\u0434\u043d\u0443\u044e\u0442\u044c\u0441\u044f \u0437 \u0456\u043d\u043d\u043e\u0432\u0430\u0446\u0456\u0439\u043d\u0438\u043c\u0438 \u0442\u0435\u0445\u043d\u043e\u043b\u043e\u0433\u0456\u044f\u043c\u0438. \u0412 \u043e\u0434\u043d\u0456\u0439 \u043a\u043b\u0430\u0432\u0456\u0430\u0442\u0443\u0440\u0456 \u043c\u0438 \u043e\u0431\u2019\u0454\u0434\u043d\u0430\u043b\u0438 \u0432\u0441\u0456, \u0449\u043e \u0434\u0456\u0439\u0441\u043d\u043e \u043c\u0430\u0454 \u0437\u043d\u0430\u0447\u0435\u043d\u043d\u044f \u0432 \u0433\u0440\u0456: \u043c\u0438\u0442\u0442\u0454\u0432\u0443 \u0440\u0435\u0430\u043a\u0446\u0456\u044e \u043f\u0435\u0440\u0435\u043c\u0438\u043a\u0430\u0447\u0456\u0432, \u0432\u0438\u0441\u043e\u043a\u0443 \u043d\u0430\u0434\u0456\u0439\u043d\u0456\u0441\u0442\u044c \u043a\u043e\u0440\u043f\u0443\u0441\u0443 \u0456 \u043f\u0440\u0438\u0433\u043e\u043b\u043e\u043c\u0448\u043b\u0438\u0432\u0443 \u043f\u0456\u0434\u0441\u0432\u0456\u0442\u043a\u0443.\" descru=\"\u0412 HATOR Rockfall EVO \u043a\u043b\u0430\u0441\u0441\u0438\u0447\u0435\u0441\u043a\u0438\u0439 \u0444\u043e\u0440\u043c-\u0444\u0430\u043a\u0442\u043e\u0440 \u0438 \u0434\u0438\u0437\u0430\u0439\u043d \u0441\u043e\u0447\u0435\u0442\u0430\u044e\u0442\u0441\u044f \u0441 \u0438\u043d\u043d\u043e\u0432\u0430\u0446\u0438\u043e\u043d\u043d\u044b\u043c\u0438 \u0442\u0435\u0445\u043d\u043e\u043b\u043e\u0433\u0438\u044f\u043c\u0438. \u0412 \u043e\u0434\u043d\u043e\u0439 \u043a\u043b\u0430\u0432\u0438\u0430\u0442\u0443\u0440\u0435 \u043c\u044b \u043e\u0431\u044a\u0435\u0434\u0438\u043d\u0438\u043b\u0438 \u0432\u0441\u0435, \u0447\u0442\u043e \u0434\u0435\u0439\u0441\u0442\u0432\u0438\u0442\u0435\u043b\u044c\u043d\u043e \u0438\u043c\u0435\u0435\u0442 \u0437\u043d\u0430\u0447\u0435\u043d\u0438\u0435 \u0432 \u0438\u0433\u0440\u0435: \u043f\u0440\u0435\u0434\u0435\u043b\u044c\u043d\u0443\u044e \u0441\u043a\u043e\u0440\u043e\u0441\u0442\u044c \u0440\u0435\u0430\u043a\u0446\u0438\u0438 \u043f\u0435\u0440\u0435\u043a\u043b\u044e\u0447\u0430\u0442\u0435\u043b\u0435\u0439, \u0432\u044b\u0441\u043e\u043a\u0443\u044e \u043d\u0430\u0434\u0435\u0436\u043d\u043e\u0441\u0442\u044c \u043a\u043e\u0440\u043f\u0443\u0441\u0430 \u0438 \u043f\u043e\u0442\u0440\u044f\u0441\u0430\u044e\u0449\u0443\u044e \u043f\u043e\u0434\u0441\u0432\u0435\u0442\u043a\u0443.\" descen=\"HATOR Rockfall EVO combines classic form factor and design with innovative technology. In one keyboard, we combined everything that really matters in the game: the maximum reaction speed of the switches, high reliability of the case and amazing backlight.\" descde=\"Wenn Ihre Tastatur Ihr Vorteil ist! Der HATOR Rockfall EVO kombiniert klassischen Formfaktor und Design mit innovativer Technologie. In einer Tastatur haben wir alles vereint, worauf es in einem Spiel wirklich ankommt: extreme Reaktionsgeschwindigkeit der Schalter, \u00e4u\u00dferst langlebiges Geh\u00e4use und erstaunliche Hintergrundbeleuchtung.\" descpl=\"Kiedy twoja klawiatura jest Twoj\u0105 zalet\u0105! W HATOR Rockfall EVO klasyczny kszta\u0142t i design \u0142\u0105cz\u0105 si\u0119 z innowacyjnymi technologiami. W jednej klawiaturze po\u0142\u0105czyli\u015bmy wszystko, co naprawd\u0119 ma znaczenie w grze: b\u0142yskawiczna reakcja prze\u0142\u0105cznik\u00f3w, wysoka niezawodno\u015b\u0107 obudowy i niesamowite pod\u015bwietlenie.\"]","protected":false},"featured_media":23441,"template":"","meta":[],"translation":{"provider":"WPGlobus","version":"2.5.11","language":"pl","enabled_languages":["en","ua","de","pl"],"languages":{"en":{"title":true,"content":false,"excerpt":true},"ua":{"title":false,"content":false,"excerpt":false},"de":{"title":false,"content":false,"excerpt":false},"pl":{"title":false,"content":false,"excerpt":false}}},"aioseo_notices":[],"_links":{"self":[{"href":"https:\/\/shop.hator.gg\/pl\/wp-json\/wp\/v2\/product\/3661"}],"collection":[{"href":"https:\/\/shop.hator.gg\/pl\/wp-json\/wp\/v2\/product"}],"about":[{"href":"https:\/\/shop.hator.gg\/pl\/wp-json\/wp\/v2\/types\/product"}],"wp:featuredmedia":[{"embeddable":true,"href":"https:\/\/shop.hator.gg\/pl\/wp-json\/wp\/v2\/media\/23441"}],"wp:attachment":[{"href":"https:\/\/shop.hator.gg\/pl\/wp-json\/wp\/v2\/media?parent=3661"}],"curies":[{"name":"wp","href":"https:\/\/api.w.org\/{rel}","templated":true}]}}