{"id":35173,"date":"2023-09-18T16:10:30","date_gmt":"2023-09-18T13:10:30","guid":{"rendered":"https:\/\/shop.hator.gg\/?post_type=product&#038;p=35173"},"modified":"2026-03-25T16:56:49","modified_gmt":"2026-03-25T13:56:49","slug":"hator-hyperpunk-2-usb-7-1-hta-848-mint","status":"publish","type":"product","link":"https:\/\/shop.hator.gg\/pl\/headsets\/hator-hyperpunk-2-usb-7-1-hta-848-mint\/","title":{"rendered":"HATOR Hyperpunk 2 USB 7.1 (HTA-848) Mint"},"content":{"rendered":"","protected":false},"excerpt":{"rendered":"[show_any_info_btn hatordomen=\"https:\/\/hator.gg\" link=\"\/audio\/hyperpunk-2-7-1\" descua=\"\u0421\u0442\u0432\u043e\u0440\u0435\u043d\u0430, \u0449\u043e\u0431 \u0437\u0430\u0434\u043e\u0432\u043e\u043b\u044c\u043d\u0438\u0442\u0438 \u0431\u0443\u0434\u044c-\u044f\u043a\u0456 \u043f\u043e\u0442\u0440\u0435\u0431\u0438 \u0443 \u043d\u0430\u043b\u0430\u0448\u0442\u0443\u0432\u0430\u043d\u043d\u044f\u0445 \u0442\u0430 \u0441\u0443\u043f\u0440\u043e\u0432\u043e\u0434\u0436\u0443\u0432\u0430\u0442\u0438 \u0432\u0430\u0441 \u043f\u0456\u0434 \u0447\u0430\u0441 \u0434\u043e\u0432\u0433\u043e\u0442\u0440\u0438\u0432\u0430\u043b\u0438\u0445 \u0431\u0430\u0442\u0430\u043b\u0456\u0439.\" descru=\"\u0421\u0442\u0432\u043e\u0440\u0435\u043d\u0430, \u0449\u043e\u0431 \u0437\u0430\u0434\u043e\u0432\u043e\u043b\u044c\u043d\u0438\u0442\u0438 \u0431\u0443\u0434\u044c-\u044f\u043a\u0456 \u043f\u043e\u0442\u0440\u0435\u0431\u0438 \u0443 \u043d\u0430\u043b\u0430\u0448\u0442\u0443\u0432\u0430\u043d\u043d\u044f\u0445 \u0442\u0430 \u0441\u0443\u043f\u0440\u043e\u0432\u043e\u0434\u0436\u0443\u0432\u0430\u0442\u0438 \u0432\u0430\u0441 \u043f\u0456\u0434 \u0447\u0430\u0441 \u0434\u043e\u0432\u0433\u043e\u0442\u0440\u0438\u0432\u0430\u043b\u0438\u0445 \u0431\u0430\u0442\u0430\u043b\u0456\u0439.\" descen=\"Built to meet any customization needs and accompany you during long battles.\" descde=\"Entwickelt, um allen individuellen Anforderungen gerecht zu werden und Sie bei langen Schlachten zu begleiten.\" descpl=\"Zbudowany, aby spe\u0142ni\u0107 wszelkie potrzeby dostosowywania i towarzyszy\u0107 Ci podczas d\u0142ugich bitew.\"]","protected":false},"featured_media":35174,"template":"","meta":[],"translation":{"provider":"WPGlobus","version":"2.5.11","language":"pl","enabled_languages":["en","ua","de","pl"],"languages":{"en":{"title":true,"content":false,"excerpt":true},"ua":{"title":false,"content":false,"excerpt":false},"de":{"title":false,"content":false,"excerpt":false},"pl":{"title":false,"content":false,"excerpt":false}}},"aioseo_notices":[],"_links":{"self":[{"href":"https:\/\/shop.hator.gg\/pl\/wp-json\/wp\/v2\/product\/35173"}],"collection":[{"href":"https:\/\/shop.hator.gg\/pl\/wp-json\/wp\/v2\/product"}],"about":[{"href":"https:\/\/shop.hator.gg\/pl\/wp-json\/wp\/v2\/types\/product"}],"wp:featuredmedia":[{"embeddable":true,"href":"https:\/\/shop.hator.gg\/pl\/wp-json\/wp\/v2\/media\/35174"}],"wp:attachment":[{"href":"https:\/\/shop.hator.gg\/pl\/wp-json\/wp\/v2\/media?parent=35173"}],"curies":[{"name":"wp","href":"https:\/\/api.w.org\/{rel}","templated":true}]}}