{"id":35165,"date":"2023-09-18T16:07:59","date_gmt":"2023-09-18T13:07:59","guid":{"rendered":"https:\/\/shop.hator.gg\/?post_type=product&#038;p=35165"},"modified":"2026-03-25T17:12:59","modified_gmt":"2026-03-25T14:12:59","slug":"hator-hyperpunk-2-usb-7-1-hta-847-yellow","status":"publish","type":"product","link":"https:\/\/shop.hator.gg\/pl\/headsets\/hator-hyperpunk-2-usb-7-1-hta-847-yellow\/","title":{"rendered":"HATOR Hyperpunk 2 USB 7.1 (HTA-847) Yellow"},"content":{"rendered":"","protected":false},"excerpt":{"rendered":"Pe\u0142na funkcjonalno\u015b\u0107 i ultralekka konstrukcja: co mo\u017ce by\u0107 lepszego? Zbudowany, aby spe\u0142ni\u0107 wszelkie potrzeby dostosowywania i towarzyszy\u0107 Ci podczas d\u0142ugich bitew.","protected":false},"featured_media":35166,"template":"","meta":[],"translation":{"provider":"WPGlobus","version":"2.5.11","language":"pl","enabled_languages":["en","ua","de","pl"],"languages":{"en":{"title":true,"content":false,"excerpt":true},"ua":{"title":false,"content":false,"excerpt":true},"de":{"title":false,"content":false,"excerpt":true},"pl":{"title":false,"content":false,"excerpt":true}}},"aioseo_notices":[],"_links":{"self":[{"href":"https:\/\/shop.hator.gg\/pl\/wp-json\/wp\/v2\/product\/35165"}],"collection":[{"href":"https:\/\/shop.hator.gg\/pl\/wp-json\/wp\/v2\/product"}],"about":[{"href":"https:\/\/shop.hator.gg\/pl\/wp-json\/wp\/v2\/types\/product"}],"wp:featuredmedia":[{"embeddable":true,"href":"https:\/\/shop.hator.gg\/pl\/wp-json\/wp\/v2\/media\/35166"}],"wp:attachment":[{"href":"https:\/\/shop.hator.gg\/pl\/wp-json\/wp\/v2\/media?parent=35165"}],"curies":[{"name":"wp","href":"https:\/\/api.w.org\/{rel}","templated":true}]}}