{"id":31596,"date":"2023-07-27T15:35:04","date_gmt":"2023-07-27T12:35:04","guid":{"rendered":"https:\/\/shop.hator.gg\/?post_type=product&#038;p=31596"},"modified":"2026-03-25T16:52:24","modified_gmt":"2026-03-25T13:52:24","slug":"hator-hyperpunk-truepods-hta-430-black","status":"publish","type":"product","link":"https:\/\/shop.hator.gg\/pl\/tws\/hator-hyperpunk-truepods-hta-430-black\/","title":{"rendered":"HATOR Hyperpunk Truepods (HTA-430) Black"},"content":{"rendered":"","protected":false},"excerpt":{"rendered":"[show_any_info_btn hatordomen=\"https:\/\/hator.gg\" link=\"\/tws\/hyperpunk-truepods\/\" descua=\"\u0422\u0435\u0445\u043d\u043e\u043b\u043e\u0433\u0456\u0447\u043d\u0430 \u0442\u0430 \u043a\u043e\u043c\u043f\u0430\u043a\u0442\u043d\u0430 TWS \u0433\u0430\u0440\u043d\u0456\u0442\u0443\u0440\u0430 Hyperpunk Truepods \u0437\u0430\u0431\u0435\u0437\u043f\u0435\u0447\u0438\u0442\u044c \u0432\u0438\u0441\u043e\u043a\u0443 \u044f\u043a\u0456\u0441\u0442\u044c \u0437\u0432\u0443\u0447\u0430\u043d\u043d\u044f \u0434\u043b\u044f \u043a\u043e\u043c\u0444\u043e\u0440\u0442\u043d\u043e\u0457 \u043a\u043e\u043c\u0443\u043d\u0456\u043a\u0430\u0446\u0456\u0457, \u0432\u0456\u0434\u0442\u0432\u043e\u0440\u0435\u043d\u043d\u044f \u0430\u0443\u0434\u0456\u043e- \u0442\u0430 \u0432\u0456\u0434\u0435\u043e\u043a\u043e\u043d\u0442\u0435\u043d\u0442\u0443, \u0430 \u0442\u0430\u043a\u043e\u0436 \u0434\u043b\u044f \u043c\u043e\u0431\u0456\u043b\u044c\u043d\u043e\u0433\u043e \u0433\u0435\u0439\u043c\u0456\u043d\u0433\u0443 \u0431\u0435\u0437 \u0437\u0430\u0442\u0440\u0438\u043c\u043a\u0438 \u2013 \u0437\u0430\u0432\u0434\u044f\u043a\u0438 \u0442\u0435\u0445\u043d\u043e\u043b\u043e\u0433\u0456\u0457 Low Latency \u0442\u0430 \u043d\u0430\u0439\u0441\u0443\u0447\u0430\u0441\u043d\u0456\u0448\u043e\u0433\u043e \u043f\u0440\u043e\u0442\u043e\u043a\u043e\u043b\u0443 Bluetooth 5.3...\" descru=\"\u0422\u0435\u0445\u043d\u043e\u043b\u043e\u0433\u0456\u0447\u043d\u0430 \u0442\u0430 \u043a\u043e\u043c\u043f\u0430\u043a\u0442\u043d\u0430 TWS \u0433\u0430\u0440\u043d\u0456\u0442\u0443\u0440\u0430 Hyperpunk Truepods \u0437\u0430\u0431\u0435\u0437\u043f\u0435\u0447\u0438\u0442\u044c \u0432\u0438\u0441\u043e\u043a\u0443 \u044f\u043a\u0456\u0441\u0442\u044c \u0437\u0432\u0443\u0447\u0430\u043d\u043d\u044f \u0434\u043b\u044f \u043a\u043e\u043c\u0444\u043e\u0440\u0442\u043d\u043e\u0457 \u043a\u043e\u043c\u0443\u043d\u0456\u043a\u0430\u0446\u0456\u0457, \u0432\u0456\u0434\u0442\u0432\u043e\u0440\u0435\u043d\u043d\u044f \u0430\u0443\u0434\u0456\u043e- \u0442\u0430 \u0432\u0456\u0434\u0435\u043e\u043a\u043e\u043d\u0442\u0435\u043d\u0442\u0443, \u0430 \u0442\u0430\u043a\u043e\u0436 \u0434\u043b\u044f \u043c\u043e\u0431\u0456\u043b\u044c\u043d\u043e\u0433\u043e \u0433\u0435\u0439\u043c\u0456\u043d\u0433\u0443 \u0431\u0435\u0437 \u0437\u0430\u0442\u0440\u0438\u043c\u043a\u0438 \u2013 \u0437\u0430\u0432\u0434\u044f\u043a\u0438 \u0442\u0435\u0445\u043d\u043e\u043b\u043e\u0433\u0456\u0457 Low Latency \u0442\u0430 \u043d\u0430\u0439\u0441\u0443\u0447\u0430\u0441\u043d\u0456\u0448\u043e\u0433\u043e \u043f\u0440\u043e\u0442\u043e\u043a\u043e\u043b\u0443 Bluetooth 5.3...\" descen=\"Technological and compact TWS headset Hyperpunk Truepods will provide high quality sound for comfortable communication, playback of audio and video content, as well as for mobile gaming without delay \u2013 thanks to Low Latency technology and the most modern Bluetooth 5.3 protocol...\" descde=\"Das technologische und kompakte TWS-Headset Hyperpunk Truepods bietet hochwertigen Klang f\u00fcr komfortable Kommunikation, Wiedergabe von Audio- und Videoinhalten sowie f\u00fcr mobiles Gaming ohne Verz\u00f6gerung \u2013 dank Low Latency-Technologie und modernstem Bluetooth 5.3-Protokoll...\" descpl=\"Technologiczne i kompaktowe s\u0142uchawki TWS Hyperpunk Truepods zapewni\u0105 wysokiej jako\u015bci d\u017awi\u0119k do wygodnej komunikacji, odtwarzania tre\u015bci audio i wideo, a tak\u017ce do gier mobilnych bez op\u00f3\u017anie\u0144 \u2013 dzi\u0119ki technologii Low Latency i najnowocze\u015bniejszemu protoko\u0142owi Bluetooth 5.3...\"]","protected":false},"featured_media":31597,"template":"","meta":[],"translation":{"provider":"WPGlobus","version":"2.5.11","language":"pl","enabled_languages":["en","ua","de","pl"],"languages":{"en":{"title":true,"content":false,"excerpt":true},"ua":{"title":false,"content":false,"excerpt":false},"de":{"title":false,"content":false,"excerpt":false},"pl":{"title":false,"content":false,"excerpt":false}}},"aioseo_notices":[],"_links":{"self":[{"href":"https:\/\/shop.hator.gg\/pl\/wp-json\/wp\/v2\/product\/31596"}],"collection":[{"href":"https:\/\/shop.hator.gg\/pl\/wp-json\/wp\/v2\/product"}],"about":[{"href":"https:\/\/shop.hator.gg\/pl\/wp-json\/wp\/v2\/types\/product"}],"wp:featuredmedia":[{"embeddable":true,"href":"https:\/\/shop.hator.gg\/pl\/wp-json\/wp\/v2\/media\/31597"}],"wp:attachment":[{"href":"https:\/\/shop.hator.gg\/pl\/wp-json\/wp\/v2\/media?parent=31596"}],"curies":[{"name":"wp","href":"https:\/\/api.w.org\/{rel}","templated":true}]}}