{"id":30678,"date":"2023-07-13T15:50:56","date_gmt":"2023-07-13T12:50:56","guid":{"rendered":"https:\/\/shop.hator.gg\/?post_type=product&#038;p=30678"},"modified":"2026-04-01T00:12:59","modified_gmt":"2026-03-31T21:12:59","slug":"hator-signify-rgb-hta-510","status":"publish","type":"product","link":"https:\/\/shop.hator.gg\/pl\/microphones\/hator-signify-rgb-hta-510\/","title":{"rendered":"HATOR Signify RGB (HTA-510)"},"content":{"rendered":"","protected":false},"excerpt":{"rendered":"Signify RGB \u2013 zaskocz swoich koleg\u00f3w z zespo\u0142u i widz\u00f3w swoich transmisji! Nigdy nie by\u0142e\u015b s\u0142yszany w tak wysokiej jako\u015bci i tak dok\u0142adnie!","protected":false},"featured_media":30680,"template":"","meta":[],"translation":{"provider":"WPGlobus","version":"2.5.11","language":"pl","enabled_languages":["en","ua","de","pl"],"languages":{"en":{"title":true,"content":false,"excerpt":true},"ua":{"title":false,"content":false,"excerpt":true},"de":{"title":false,"content":false,"excerpt":true},"pl":{"title":false,"content":false,"excerpt":true}}},"aioseo_notices":[],"_links":{"self":[{"href":"https:\/\/shop.hator.gg\/pl\/wp-json\/wp\/v2\/product\/30678"}],"collection":[{"href":"https:\/\/shop.hator.gg\/pl\/wp-json\/wp\/v2\/product"}],"about":[{"href":"https:\/\/shop.hator.gg\/pl\/wp-json\/wp\/v2\/types\/product"}],"wp:featuredmedia":[{"embeddable":true,"href":"https:\/\/shop.hator.gg\/pl\/wp-json\/wp\/v2\/media\/30680"}],"wp:attachment":[{"href":"https:\/\/shop.hator.gg\/pl\/wp-json\/wp\/v2\/media?parent=30678"}],"curies":[{"name":"wp","href":"https:\/\/api.w.org\/{rel}","templated":true}]}}