{"id":29287,"date":"2023-06-07T16:12:38","date_gmt":"2023-06-07T13:12:38","guid":{"rendered":"https:\/\/shop.hator.gg\/?post_type=product&#038;p=29287"},"modified":"2026-02-25T17:12:43","modified_gmt":"2026-02-25T14:12:43","slug":"hator-starfall-rgb-hotswap-gateron-red-switch-htk-597","status":"publish","type":"product","link":"https:\/\/shop.hator.gg\/pl\/keyboards\/hator-starfall-rgb-hotswap-gateron-red-switch-htk-597\/","title":{"rendered":"Hator Starfall RGB Hotswap Gateron Red switch (HTK-597)"},"content":{"rendered":"","protected":false},"excerpt":{"rendered":"<p class=\"mb-0 mt-4\">Starfall RGB to racjonalny wyb\u00f3r dla wszystkich, kt\u00f3rzy ceni\u0105 sobie efektywny stosunek jako\u015bci wykonania, funkcjonalno\u015bci i rozs\u0105dnej ceny.<\/p>","protected":false},"featured_media":27664,"template":"","meta":[],"translation":{"provider":"WPGlobus","version":"2.5.11","language":"pl","enabled_languages":["en","ua","de","pl"],"languages":{"en":{"title":true,"content":false,"excerpt":true},"ua":{"title":false,"content":false,"excerpt":true},"de":{"title":false,"content":false,"excerpt":true},"pl":{"title":false,"content":false,"excerpt":true}}},"aioseo_notices":[],"_links":{"self":[{"href":"https:\/\/shop.hator.gg\/pl\/wp-json\/wp\/v2\/product\/29287"}],"collection":[{"href":"https:\/\/shop.hator.gg\/pl\/wp-json\/wp\/v2\/product"}],"about":[{"href":"https:\/\/shop.hator.gg\/pl\/wp-json\/wp\/v2\/types\/product"}],"wp:featuredmedia":[{"embeddable":true,"href":"https:\/\/shop.hator.gg\/pl\/wp-json\/wp\/v2\/media\/27664"}],"wp:attachment":[{"href":"https:\/\/shop.hator.gg\/pl\/wp-json\/wp\/v2\/media?parent=29287"}],"curies":[{"name":"wp","href":"https:\/\/api.w.org\/{rel}","templated":true}]}}