{"id":2599,"date":"2021-02-15T15:34:48","date_gmt":"2021-02-15T12:34:48","guid":{"rendered":"https:\/\/shop.hator.gg\/?post_type=product&#038;p=2599"},"modified":"2024-12-05T18:02:25","modified_gmt":"2024-12-05T15:02:25","slug":"hator-arc-s-htc-1003-pearl-white","status":"publish","type":"product","link":"https:\/\/shop.hator.gg\/pl\/chairs\/hator-arc-s-htc-1003-pearl-white\/","title":{"rendered":"Hator Arc S (HTC-1003) Pearl White"},"content":{"rendered":"","protected":false},"excerpt":{"rendered":"[show_any_info_btn hatordomen=\"https:\/\/hator.gg\" link=\"\/gaming-chairs\/arc-s\" descua=\"\u0421\u0430\u043c\u0435 \u0442\u0430\u043a \u0432\u0438\u0433\u043b\u044f\u0434\u0430\u0454 \u0441\u0443\u0447\u0430\u0441\u043d\u0430 \u0440\u043e\u0437\u043a\u0456\u0448. \u0412 \u0446\u044c\u043e\u043c\u0443 \u043a\u0440\u0456\u0441\u043b\u0456 \u043d\u0435 \u0445\u043e\u0447\u0435\u0442\u044c\u0441\u044f \u043f\u043e\u0441\u043f\u0456\u0448\u0430\u0442\u0438, \u0439\u043e\u0433\u043e \u0435\u0440\u0433\u043e\u043d\u043e\u043c\u0456\u0447\u043d\u0430 \u0444\u043e\u0440\u043c\u0430 \u043e\u0431\u0433\u043e\u0440\u0442\u0430\u0454 \u0442\u0430 \u043d\u0430\u0441\u0442\u0440\u043e\u044e\u0454 \u043d\u0430 \u0432\u0456\u0434\u0447\u0443\u0442\u0442\u044f \u0437\u0430\u0442\u0438\u0448\u043a\u0443 \u0442\u0430 \u043d\u0430\u0434\u0456\u0439\u043d\u043e\u0441\u0442\u0456...\" descru=\"\u0418\u043c\u0435\u043d\u043d\u043e \u0442\u0430\u043a \u0432\u044b\u0433\u043b\u044f\u0434\u0438\u0442 \u0441\u043e\u0432\u0440\u0435\u043c\u0435\u043d\u043d\u0430\u044f \u0440\u043e\u0441\u043a\u043e\u0448\u044c. \u0412 \u044d\u0442\u043e\u043c \u043a\u0440\u0435\u0441\u043b\u0435 \u043d\u0435 \u0445\u043e\u0447\u0435\u0442\u0441\u044f \u0442\u043e\u0440\u043e\u043f\u0438\u0442\u044c\u0441\u044f, \u0435\u0433\u043e \u044d\u0440\u0433\u043e\u043d\u043e\u043c\u0438\u0447\u043d\u0430\u044f \u0444\u043e\u0440\u043c\u0430 \u043e\u0431\u0432\u043e\u043b\u0430\u043a\u0438\u0432\u0430\u0435\u0442 \u0438 \u0440\u0430\u0441\u043f\u043e\u043b\u0430\u0433\u0430\u0435\u0442 \u043a \u043e\u0449\u0443\u0449\u0435\u043d\u0438\u044e \u0443\u044e\u0442\u0430 \u0438 \u043d\u0430\u0434\u0435\u0436\u043d\u043e\u0441\u0442\u0438...\" descen=\"This is what modern luxury looks like. In this chair you don\u2019t want to rush, its ergonomic shape envelops that disposes to a feeling of comfort and reliability...\" descde=\"So sieht moderner Luxus aus. Dieser Computerstuhl ist total locker, seine ergonomische Form umh\u00fcllt und vermittelt ein Gef\u00fchl von Komfort und Zuverl\u00e4ssigkeit...\" descpl=\"Tak w\u0142a\u015bnie wygl\u0105da luksus. W tym fotelu nie chcesz si\u0119 spieszy\u0107, jego ergonomiczny kszta\u0142t otacza i dostosowuje si\u0119 do poczucia komfortu i niezawodno\u015bci...\"]","protected":false},"featured_media":2600,"template":"","meta":[],"translation":{"provider":"WPGlobus","version":"2.5.11","language":"pl","enabled_languages":["en","ua","de","pl"],"languages":{"en":{"title":true,"content":false,"excerpt":true},"ua":{"title":false,"content":false,"excerpt":false},"de":{"title":false,"content":false,"excerpt":false},"pl":{"title":false,"content":false,"excerpt":false}}},"aioseo_notices":[],"_links":{"self":[{"href":"https:\/\/shop.hator.gg\/pl\/wp-json\/wp\/v2\/product\/2599"}],"collection":[{"href":"https:\/\/shop.hator.gg\/pl\/wp-json\/wp\/v2\/product"}],"about":[{"href":"https:\/\/shop.hator.gg\/pl\/wp-json\/wp\/v2\/types\/product"}],"wp:featuredmedia":[{"embeddable":true,"href":"https:\/\/shop.hator.gg\/pl\/wp-json\/wp\/v2\/media\/2600"}],"wp:attachment":[{"href":"https:\/\/shop.hator.gg\/pl\/wp-json\/wp\/v2\/media?parent=2599"}],"curies":[{"name":"wp","href":"https:\/\/api.w.org\/{rel}","templated":true}]}}