{"id":23431,"date":"2023-01-30T17:17:53","date_gmt":"2023-01-30T14:17:53","guid":{"rendered":"https:\/\/shop.hator.gg\/?post_type=product&#038;p=23431"},"modified":"2024-01-18T14:47:38","modified_gmt":"2024-01-18T11:47:38","slug":"hator-rockfall-tkl-mecha-htk-621","status":"publish","type":"product","link":"https:\/\/shop.hator.gg\/pl\/keyboards\/hator-rockfall-tkl-mecha-htk-621\/","title":{"rendered":"Hator Rockfall TKL Mecha Linear Black (HTK-621)"},"content":{"rendered":"","protected":false},"excerpt":{"rendered":"[show_any_info_btn hatordomen=\"https:\/\/hator.gg\" link=\"\/keyboards\/rockfall-tkl-mecha\" descua=\"Rockfall TKL Mecha \u2013 \u0447\u0443\u0434\u043e\u0432\u043e \u0437\u0431\u0430\u043b\u0430\u043d\u0441\u043e\u0432\u0430\u043d\u0430 \u043a\u043b\u0430\u0432\u0456\u0430\u0442\u0443\u0440\u0430. \u0412\u043e\u043d\u0430 \u043c\u0430\u0454 \u0432 \u0441\u0432\u043e\u0454\u043c\u0443 \u0430\u0440\u0441\u0435\u043d\u0430\u043b\u0456 \u0432\u0441\u0435, \u0449\u043e \u043f\u043e\u0442\u0440\u0456\u0431\u043d\u043e \u0441\u0443\u0447\u0430\u0441\u043d\u043e\u043c\u0443 \u0433\u0435\u0439\u043c\u0435\u0440\u0443...\" descru=\"Rockfall TKL Mecha \u2013 \u0447\u0443\u0434\u043e\u0432\u043e \u0437\u0431\u0430\u043b\u0430\u043d\u0441\u043e\u0432\u0430\u043d\u0430 \u043a\u043b\u0430\u0432\u0456\u0430\u0442\u0443\u0440\u0430. \u0412\u043e\u043d\u0430 \u043c\u0430\u0454 \u0432 \u0441\u0432\u043e\u0454\u043c\u0443 \u0430\u0440\u0441\u0435\u043d\u0430\u043b\u0456 \u0432\u0441\u0435, \u0449\u043e \u043f\u043e\u0442\u0440\u0456\u0431\u043d\u043e \u0441\u0443\u0447\u0430\u0441\u043d\u043e\u043c\u0443 \u0433\u0435\u0439\u043c\u0435\u0440\u0443...\" descen=\"Rockfall TKL Mecha is a perfectly balanced keyboard. It has in its arsenal everything a modern gamer needs..\" descde=\"Die Rockfall TKL Mecha ist eine perfekt ausbalancierte Tastatur. Es hat alles in seinem Arsenal, was ein moderner Gamer braucht...\" descpl=\"Rockfall TKL Mecha to doskonale wywa\u017cona klawiatura. Ma w swoim arsenale wszystko, czego potrzebuje wsp\u00f3\u0142czesny gracz...\"]","protected":false},"featured_media":117,"template":"","meta":[],"translation":{"provider":"WPGlobus","version":"2.5.11","language":"pl","enabled_languages":["en","ua","de","pl"],"languages":{"en":{"title":true,"content":false,"excerpt":true},"ua":{"title":false,"content":false,"excerpt":false},"de":{"title":false,"content":false,"excerpt":false},"pl":{"title":false,"content":false,"excerpt":false}}},"aioseo_notices":[],"_links":{"self":[{"href":"https:\/\/shop.hator.gg\/pl\/wp-json\/wp\/v2\/product\/23431"}],"collection":[{"href":"https:\/\/shop.hator.gg\/pl\/wp-json\/wp\/v2\/product"}],"about":[{"href":"https:\/\/shop.hator.gg\/pl\/wp-json\/wp\/v2\/types\/product"}],"wp:featuredmedia":[{"embeddable":true,"href":"https:\/\/shop.hator.gg\/pl\/wp-json\/wp\/v2\/media\/117"}],"wp:attachment":[{"href":"https:\/\/shop.hator.gg\/pl\/wp-json\/wp\/v2\/media?parent=23431"}],"curies":[{"name":"wp","href":"https:\/\/api.w.org\/{rel}","templated":true}]}}