{"id":143231,"date":"2026-04-17T17:25:04","date_gmt":"2026-04-17T14:25:04","guid":{"rendered":"https:\/\/shop.hator.gg\/?post_type=product&#038;p=143231"},"modified":"2026-04-17T17:25:56","modified_gmt":"2026-04-17T14:25:56","slug":"hator-skyfall-80-pro-wireless-black-htk4181ua","status":"publish","type":"product","link":"https:\/\/shop.hator.gg\/pl\/keyboards\/hator-skyfall-80-pro-wireless-black-htk4181ua\/","title":{"rendered":"HATOR Skyfall 80 PRO wireless black (HTK4181UA)"},"content":{"rendered":"","protected":false},"excerpt":{"rendered":"Odkryj nowy poziom wydajno\u015bci z Skyfall Pro Wireless \u2014 klawiatur\u0105 gamingow\u0105 klasy premium, \u0142\u0105cz\u0105c\u0105 elegancki design, rozszerzon\u0105 funkcjonalno\u015b\u0107 oraz wyj\u0105tkowo ciche prze\u0142\u0105czniki mechaniczne HATOR\u00ae Aurum Vanila Silent. Dzi\u0119ki szerokiemu zakresowi opcji po\u0142\u0105czenia, zwi\u0119kszonej pojemno\u015bci akumulatora i starannie dopracowanej konstrukcji, Skyfall Pro Wireless zapewnia uniwersalno\u015b\u0107 zastosowa\u0144 oraz maksymalny komfort w codziennym u\u017cytkowaniu.","protected":false},"featured_media":143237,"template":"","meta":[],"translation":{"provider":"WPGlobus","version":"2.5.11","language":"pl","enabled_languages":["en","ua","de","pl"],"languages":{"en":{"title":true,"content":false,"excerpt":true},"ua":{"title":false,"content":false,"excerpt":true},"de":{"title":false,"content":false,"excerpt":true},"pl":{"title":false,"content":false,"excerpt":true}}},"aioseo_notices":[],"_links":{"self":[{"href":"https:\/\/shop.hator.gg\/pl\/wp-json\/wp\/v2\/product\/143231"}],"collection":[{"href":"https:\/\/shop.hator.gg\/pl\/wp-json\/wp\/v2\/product"}],"about":[{"href":"https:\/\/shop.hator.gg\/pl\/wp-json\/wp\/v2\/types\/product"}],"wp:featuredmedia":[{"embeddable":true,"href":"https:\/\/shop.hator.gg\/pl\/wp-json\/wp\/v2\/media\/143237"}],"wp:attachment":[{"href":"https:\/\/shop.hator.gg\/pl\/wp-json\/wp\/v2\/media?parent=143231"}],"curies":[{"name":"wp","href":"https:\/\/api.w.org\/{rel}","templated":true}]}}