{"id":141727,"date":"2026-04-08T19:20:10","date_gmt":"2026-04-08T16:20:10","guid":{"rendered":"https:\/\/shop.hator.gg\/?post_type=product&#038;p=141727"},"modified":"2026-04-08T20:13:42","modified_gmt":"2026-04-08T17:13:42","slug":"hator-quasar-3s-ultima-8k-wireless-black-htm660","status":"publish","type":"product","link":"https:\/\/shop.hator.gg\/pl\/mice\/hator-quasar-3s-ultima-8k-wireless-black-htm660\/","title":{"rendered":"HATOR Quasar 3S ULTIMA 8K Wireless Black (HTM660)"},"content":{"rendered":"","protected":false},"excerpt":{"rendered":"Quasar 3S Ultima 8K Wireless zosta\u0142a stworzona z my\u015bl\u0105 o graczach, kt\u00f3rzy oczekuj\u0105 maksymalnej szybko\u015bci i absolutnej kontroli. Ultralecka konstrukcja o wadze zaledwie 46 gram\u00f3w w po\u0142\u0105czeniu z zaawansowanymi technologiami bezprzewodowymi zapewnia natychmiastow\u0105 reakcj\u0119 i pe\u0142n\u0105 swobod\u0119 ruchu nawet w najbardziej intensywnych scenariuszach gamingowych. Topowy sensor oraz cz\u0119stotliwo\u015b\u0107 pr\u00f3bkowania do 8000 Hz w trybie bezprzewodowym sprawiaj\u0105, \u017ce ka\u017cdy ruch jest precyzyjny, przewidywalny i bezkompromisowy.","protected":false},"featured_media":141728,"template":"","meta":[],"translation":{"provider":"WPGlobus","version":"2.5.11","language":"pl","enabled_languages":["en","ua","de","pl"],"languages":{"en":{"title":true,"content":false,"excerpt":true},"ua":{"title":false,"content":false,"excerpt":true},"de":{"title":false,"content":false,"excerpt":true},"pl":{"title":false,"content":false,"excerpt":true}}},"aioseo_notices":[],"_links":{"self":[{"href":"https:\/\/shop.hator.gg\/pl\/wp-json\/wp\/v2\/product\/141727"}],"collection":[{"href":"https:\/\/shop.hator.gg\/pl\/wp-json\/wp\/v2\/product"}],"about":[{"href":"https:\/\/shop.hator.gg\/pl\/wp-json\/wp\/v2\/types\/product"}],"wp:featuredmedia":[{"embeddable":true,"href":"https:\/\/shop.hator.gg\/pl\/wp-json\/wp\/v2\/media\/141728"}],"wp:attachment":[{"href":"https:\/\/shop.hator.gg\/pl\/wp-json\/wp\/v2\/media?parent=141727"}],"curies":[{"name":"wp","href":"https:\/\/api.w.org\/{rel}","templated":true}]}}