{"id":141692,"date":"2026-04-08T18:49:37","date_gmt":"2026-04-08T15:49:37","guid":{"rendered":"https:\/\/shop.hator.gg\/?post_type=product&#038;p=141692"},"modified":"2026-04-08T20:13:41","modified_gmt":"2026-04-08T17:13:41","slug":"hator-quasar-3-ultima-8k-wireless-black-violet-htm760","status":"publish","type":"product","link":"https:\/\/shop.hator.gg\/pl\/mice\/hator-quasar-3-ultima-8k-wireless-black-violet-htm760\/","title":{"rendered":"HATOR Quasar 3 Ultima 8K Wireless Black\/Violet (HTM760)"},"content":{"rendered":"","protected":false},"excerpt":{"rendered":"Quasar 3 Ultima zosta\u0142a zaprojektowana, aby zapewni\u0107 maksymaln\u0105 kontrol\u0119 i swobod\u0119 ka\u017cdego ruchu. Lekka konstrukcja o wadze zaledwie 52 gram\u00f3w gwarantuje wysoki komfort podczas dynamicznej rozgrywki, a oryginalny design ze stylowym gradientem doskonale uzupe\u0142ni ka\u017cde stanowisko pracy. Zbalansowany kszta\u0142t i dopracowana ergonomia czyni\u0105 j\u0105 niezawodnym narz\u0119dziem zar\u00f3wno podczas intensywnych mecz\u00f3w, jak i d\u0142ugich sesji roboczych.","protected":false},"featured_media":141699,"template":"","meta":[],"translation":{"provider":"WPGlobus","version":"2.5.11","language":"pl","enabled_languages":["en","ua","de","pl"],"languages":{"en":{"title":true,"content":false,"excerpt":true},"ua":{"title":false,"content":false,"excerpt":true},"de":{"title":false,"content":false,"excerpt":true},"pl":{"title":false,"content":false,"excerpt":true}}},"aioseo_notices":[],"_links":{"self":[{"href":"https:\/\/shop.hator.gg\/pl\/wp-json\/wp\/v2\/product\/141692"}],"collection":[{"href":"https:\/\/shop.hator.gg\/pl\/wp-json\/wp\/v2\/product"}],"about":[{"href":"https:\/\/shop.hator.gg\/pl\/wp-json\/wp\/v2\/types\/product"}],"wp:featuredmedia":[{"embeddable":true,"href":"https:\/\/shop.hator.gg\/pl\/wp-json\/wp\/v2\/media\/141699"}],"wp:attachment":[{"href":"https:\/\/shop.hator.gg\/pl\/wp-json\/wp\/v2\/media?parent=141692"}],"curies":[{"name":"wp","href":"https:\/\/api.w.org\/{rel}","templated":true}]}}