{"id":141261,"date":"2026-04-06T17:25:28","date_gmt":"2026-04-06T14:25:28","guid":{"rendered":"https:\/\/shop.hator.gg\/?post_type=product&#038;p=141261"},"modified":"2026-04-08T20:13:49","modified_gmt":"2026-04-08T17:13:49","slug":"hator-dreamcast-x-rgb-black-ess10","status":"publish","type":"product","link":"https:\/\/shop.hator.gg\/pl\/microphones\/hator-dreamcast-x-rgb-black-ess10\/","title":{"rendered":"HATOR Dreamcast X RGB Black (ESS10)"},"content":{"rendered":"","protected":false},"excerpt":{"rendered":"Ten mikrofon gamingowy zosta\u0142 stworzony dla os\u00f3b, kt\u00f3re ceni\u0105 czysty d\u017awi\u0119k, pe\u0142n\u0105 kontrol\u0119 i styl w ka\u017cdym detalu. \u0141\u0105czy zoptymalizowan\u0105 charakterystyk\u0119 kardioidaln\u0105, przemy\u015blan\u0105 konstrukcj\u0119 oraz nowoczesne mo\u017cliwo\u015bci \u0142\u0105czno\u015bci do streamingu, grania i tworzenia tre\u015bci. Dzi\u0119ki pod\u015bwietleniu RGB, systemowi antywibracyjnemu i intuicyjnemu sterowaniu mikrofon doskonale wpisuje si\u0119 w ka\u017cdy gamingowy setup. To uniwersalne rozwi\u0105zanie zapewniaj\u0105ce pewne i wysokiej jako\u015bci brzmienie na co dzie\u0144.","protected":false},"featured_media":141275,"template":"","meta":[],"translation":{"provider":"WPGlobus","version":"2.5.11","language":"pl","enabled_languages":["en","ua","de","pl"],"languages":{"en":{"title":true,"content":false,"excerpt":true},"ua":{"title":false,"content":false,"excerpt":true},"de":{"title":false,"content":false,"excerpt":true},"pl":{"title":false,"content":false,"excerpt":true}}},"aioseo_notices":[],"_links":{"self":[{"href":"https:\/\/shop.hator.gg\/pl\/wp-json\/wp\/v2\/product\/141261"}],"collection":[{"href":"https:\/\/shop.hator.gg\/pl\/wp-json\/wp\/v2\/product"}],"about":[{"href":"https:\/\/shop.hator.gg\/pl\/wp-json\/wp\/v2\/types\/product"}],"wp:featuredmedia":[{"embeddable":true,"href":"https:\/\/shop.hator.gg\/pl\/wp-json\/wp\/v2\/media\/141275"}],"wp:attachment":[{"href":"https:\/\/shop.hator.gg\/pl\/wp-json\/wp\/v2\/media?parent=141261"}],"curies":[{"name":"wp","href":"https:\/\/api.w.org\/{rel}","templated":true}]}}