{"id":136955,"date":"2026-03-11T13:00:12","date_gmt":"2026-03-11T10:00:12","guid":{"rendered":"https:\/\/shop.hator.gg\/?post_type=product&#038;p=136955"},"modified":"2026-03-11T13:00:12","modified_gmt":"2026-03-11T10:00:12","slug":"hator-skyfall-100-black-black-htk1100ua","status":"publish","type":"product","link":"https:\/\/shop.hator.gg\/pl\/keyboards\/hator-skyfall-100-black-black-htk1100ua\/","title":{"rendered":"HATOR Skyfall 100 black-black (HTK1100UA)"},"content":{"rendered":"","protected":false},"excerpt":{"rendered":"Podstawowy model serii Skyfall zosta\u0142 wyposa\u017cony we wszystkie kluczowe funkcje nowoczesnej klawiatury gamingowej: szybkie i ciche prze\u0142\u0105czniki liniowe, architektur\u0119 Gasket Mount, mo\u017cliwo\u015b\u0107 hot-swap wymiany prze\u0142\u0105cznik\u00f3w, efektowne pod\u015bwietlenie RGB z pe\u0142n\u0105 kontrol\u0105 i wiele wi\u0119cej.","protected":false},"featured_media":136957,"template":"","meta":[],"translation":{"provider":"WPGlobus","version":"2.5.11","language":"pl","enabled_languages":["en","ua","de","pl"],"languages":{"en":{"title":true,"content":false,"excerpt":true},"ua":{"title":false,"content":false,"excerpt":true},"de":{"title":false,"content":false,"excerpt":true},"pl":{"title":false,"content":false,"excerpt":true}}},"aioseo_notices":[],"_links":{"self":[{"href":"https:\/\/shop.hator.gg\/pl\/wp-json\/wp\/v2\/product\/136955"}],"collection":[{"href":"https:\/\/shop.hator.gg\/pl\/wp-json\/wp\/v2\/product"}],"about":[{"href":"https:\/\/shop.hator.gg\/pl\/wp-json\/wp\/v2\/types\/product"}],"wp:featuredmedia":[{"embeddable":true,"href":"https:\/\/shop.hator.gg\/pl\/wp-json\/wp\/v2\/media\/136957"}],"wp:attachment":[{"href":"https:\/\/shop.hator.gg\/pl\/wp-json\/wp\/v2\/media?parent=136955"}],"curies":[{"name":"wp","href":"https:\/\/api.w.org\/{rel}","templated":true}]}}