{"id":134531,"date":"2026-02-26T20:07:47","date_gmt":"2026-02-26T17:07:47","guid":{"rendered":"https:\/\/shop.hator.gg\/?post_type=product&#038;p=134531"},"modified":"2026-02-26T20:07:47","modified_gmt":"2026-02-26T17:07:47","slug":"hator-arc-3-l-velour-turquoise-htc3443l","status":"publish","type":"product","link":"https:\/\/shop.hator.gg\/pl\/chairs\/hator-arc-3-l-velour-turquoise-htc3443l\/","title":{"rendered":"HATOR Arc 3 L Velour Turquoise (HTC3443L)"},"content":{"rendered":"","protected":false},"excerpt":{"rendered":"HATOR Arc 3 to po\u0142\u0105czenie wygody i stylu. Stworzone dla graczy, kt\u00f3rzy ceni\u0105 sobie solidne wsparcie i chc\u0105 podkre\u015bli\u0107 swoj\u0105 indywidualno\u015b\u0107, Arc 3 zapewnia komfort przez ca\u0142y dzie\u0144, przemy\u015blan\u0105 ergonomi\u0119 oraz jeszcze wi\u0119cej sposob\u00f3w na wyr\u00f3\u017cnienie swojego stanowiska gamingowego.","protected":false},"featured_media":134532,"template":"","meta":[],"translation":{"provider":"WPGlobus","version":"2.5.11","language":"pl","enabled_languages":["en","ua","de","pl"],"languages":{"en":{"title":true,"content":false,"excerpt":true},"ua":{"title":false,"content":false,"excerpt":true},"de":{"title":false,"content":false,"excerpt":true},"pl":{"title":false,"content":false,"excerpt":true}}},"aioseo_notices":[],"_links":{"self":[{"href":"https:\/\/shop.hator.gg\/pl\/wp-json\/wp\/v2\/product\/134531"}],"collection":[{"href":"https:\/\/shop.hator.gg\/pl\/wp-json\/wp\/v2\/product"}],"about":[{"href":"https:\/\/shop.hator.gg\/pl\/wp-json\/wp\/v2\/types\/product"}],"wp:featuredmedia":[{"embeddable":true,"href":"https:\/\/shop.hator.gg\/pl\/wp-json\/wp\/v2\/media\/134532"}],"wp:attachment":[{"href":"https:\/\/shop.hator.gg\/pl\/wp-json\/wp\/v2\/media?parent=134531"}],"curies":[{"name":"wp","href":"https:\/\/api.w.org\/{rel}","templated":true}]}}