{"id":134439,"date":"2026-02-26T18:54:51","date_gmt":"2026-02-26T15:54:51","guid":{"rendered":"https:\/\/shop.hator.gg\/?post_type=product&#038;p=134439"},"modified":"2026-03-10T15:43:24","modified_gmt":"2026-03-10T12:43:24","slug":"hator-skyfall-100-wireless-black-white-htk3100ua","status":"publish","type":"product","link":"https:\/\/shop.hator.gg\/pl\/keyboards\/hator-skyfall-100-wireless-black-white-htk3100ua\/","title":{"rendered":"HATOR Skyfall 100 wireless black-white (HTK3100UA)"},"content":{"rendered":"","protected":false},"excerpt":{"rendered":"HATOR Skyfall Wireless \u0142\u0105czy w sobie zestaw nowoczesnych technologii i elegancki design, ustanawiaj\u0105c nowy standard komfortu i wydajno\u015bci. Dzi\u0119ki unikalnej architekturze, udoskonalonym prze\u0142\u0105cznikom i szerokim mo\u017cliwo\u015bciom personalizacji klawiatura ta b\u0119dzie idealnym wyborem zar\u00f3wno dla profesjonalnych graczy, jak i dla os\u00f3b ceni\u0105cych wysok\u0105 jako\u015b\u0107 pisania oraz stylowy wygl\u0105d stanowiska pracy.","protected":false},"featured_media":136741,"template":"","meta":[],"translation":{"provider":"WPGlobus","version":"2.5.11","language":"pl","enabled_languages":["en","ua","de","pl"],"languages":{"en":{"title":true,"content":false,"excerpt":true},"ua":{"title":false,"content":false,"excerpt":true},"de":{"title":false,"content":false,"excerpt":true},"pl":{"title":false,"content":false,"excerpt":true}}},"aioseo_notices":[],"_links":{"self":[{"href":"https:\/\/shop.hator.gg\/pl\/wp-json\/wp\/v2\/product\/134439"}],"collection":[{"href":"https:\/\/shop.hator.gg\/pl\/wp-json\/wp\/v2\/product"}],"about":[{"href":"https:\/\/shop.hator.gg\/pl\/wp-json\/wp\/v2\/types\/product"}],"wp:featuredmedia":[{"embeddable":true,"href":"https:\/\/shop.hator.gg\/pl\/wp-json\/wp\/v2\/media\/136741"}],"wp:attachment":[{"href":"https:\/\/shop.hator.gg\/pl\/wp-json\/wp\/v2\/media?parent=134439"}],"curies":[{"name":"wp","href":"https:\/\/api.w.org\/{rel}","templated":true}]}}