{"id":122642,"date":"2025-12-24T19:38:03","date_gmt":"2025-12-24T16:38:03","guid":{"rendered":"https:\/\/shop.hator.gg\/?post_type=product&#038;p=122642"},"modified":"2026-03-06T13:37:28","modified_gmt":"2026-03-06T10:37:28","slug":"hator-skyfall-65-mag-ultima-8k-wireless-white-black-htk3860ua","status":"publish","type":"product","link":"https:\/\/shop.hator.gg\/pl\/keyboards\/hator-skyfall-65-mag-ultima-8k-wireless-white-black-htk3860ua\/","title":{"rendered":"HATOR Skyfall 65 MAG ULTIMA 8K Wireless White-Black (HTK3860UA)"},"content":{"rendered":"","protected":false},"excerpt":{"rendered":"Klawiatura wyposa\u017cona jest w nowoczesne prze\u0142\u0105czniki magnetyczne, kt\u00f3re zapewniaj\u0105 wyj\u0105tkowo szybkie i precyzyjne dzia\u0142anie oraz oferuj\u0105 szerokie mo\u017cliwo\u015bci dok\u0142adnego dostosowania. Jej funkcjonalno\u015b\u0107 uzupe\u0142nia maksymalna wydajno\u015b\u0107 z cz\u0119stotliwo\u015bci\u0105 odpytywania do 8000 Hz w trybie bezprzewodowym i przewodowym, a tak\u017ce doskona\u0142a izolacja ha\u0142asu i drga\u0144, dzi\u0119ki czemu korzystanie z klawiatury to czysta przyjemno\u015b\u0107.","protected":false},"featured_media":122648,"template":"","meta":[],"translation":{"provider":"WPGlobus","version":"2.5.11","language":"pl","enabled_languages":["en","ua","de","pl"],"languages":{"en":{"title":true,"content":false,"excerpt":true},"ua":{"title":false,"content":false,"excerpt":true},"de":{"title":false,"content":false,"excerpt":true},"pl":{"title":false,"content":false,"excerpt":true}}},"aioseo_notices":[],"_links":{"self":[{"href":"https:\/\/shop.hator.gg\/pl\/wp-json\/wp\/v2\/product\/122642"}],"collection":[{"href":"https:\/\/shop.hator.gg\/pl\/wp-json\/wp\/v2\/product"}],"about":[{"href":"https:\/\/shop.hator.gg\/pl\/wp-json\/wp\/v2\/types\/product"}],"wp:featuredmedia":[{"embeddable":true,"href":"https:\/\/shop.hator.gg\/pl\/wp-json\/wp\/v2\/media\/122648"}],"wp:attachment":[{"href":"https:\/\/shop.hator.gg\/pl\/wp-json\/wp\/v2\/media?parent=122642"}],"curies":[{"name":"wp","href":"https:\/\/api.w.org\/{rel}","templated":true}]}}