{"id":122631,"date":"2025-12-24T19:34:12","date_gmt":"2025-12-24T16:34:12","guid":{"rendered":"https:\/\/shop.hator.gg\/?post_type=product&#038;p=122631"},"modified":"2026-04-20T12:12:44","modified_gmt":"2026-04-20T09:12:44","slug":"hator-skyfall-100-pro-wireless-grey-black-htk4100ua","status":"publish","type":"product","link":"https:\/\/shop.hator.gg\/pl\/keyboards\/hator-skyfall-100-pro-wireless-grey-black-htk4100ua\/","title":{"rendered":"HATOR Skyfall 100 PRO Wireless Grey-Black (HTK4100UA)"},"content":{"rendered":"","protected":false},"excerpt":{"rendered":"Odkryj nowy poziom wydajno\u015bci z Skyfall Pro Wireless \u2014 klawiatur\u0105 gamingow\u0105 klasy premium, \u0142\u0105cz\u0105c\u0105 elegancki design, rozszerzon\u0105 funkcjonalno\u015b\u0107 oraz wyj\u0105tkowo ciche prze\u0142\u0105czniki mechaniczne HATOR\u00ae Aurum Vanila Silent. Dzi\u0119ki szerokiemu zakresowi opcji po\u0142\u0105czenia, zwi\u0119kszonej pojemno\u015bci akumulatora i starannie dopracowanej konstrukcji, Skyfall Pro Wireless zapewnia uniwersalno\u015b\u0107 zastosowa\u0144 oraz maksymalny komfort w codziennym u\u017cytkowaniu.","protected":false},"featured_media":122632,"template":"","meta":[],"translation":{"provider":"WPGlobus","version":"2.5.11","language":"pl","enabled_languages":["en","ua","de","pl"],"languages":{"en":{"title":true,"content":false,"excerpt":true},"ua":{"title":false,"content":false,"excerpt":true},"de":{"title":false,"content":false,"excerpt":true},"pl":{"title":false,"content":false,"excerpt":true}}},"aioseo_notices":[],"_links":{"self":[{"href":"https:\/\/shop.hator.gg\/pl\/wp-json\/wp\/v2\/product\/122631"}],"collection":[{"href":"https:\/\/shop.hator.gg\/pl\/wp-json\/wp\/v2\/product"}],"about":[{"href":"https:\/\/shop.hator.gg\/pl\/wp-json\/wp\/v2\/types\/product"}],"wp:featuredmedia":[{"embeddable":true,"href":"https:\/\/shop.hator.gg\/pl\/wp-json\/wp\/v2\/media\/122632"}],"wp:attachment":[{"href":"https:\/\/shop.hator.gg\/pl\/wp-json\/wp\/v2\/media?parent=122631"}],"curies":[{"name":"wp","href":"https:\/\/api.w.org\/{rel}","templated":true}]}}