{"id":112548,"date":"2025-10-23T21:27:19","date_gmt":"2025-10-23T18:27:19","guid":{"rendered":"https:\/\/shop.hator.gg\/?post_type=product&#038;p=112548"},"modified":"2025-10-29T14:12:46","modified_gmt":"2025-10-29T11:12:46","slug":"detachable-microphone-for-hator-hypergang-3-headsets-acc421","status":"publish","type":"product","link":"https:\/\/shop.hator.gg\/pl\/accessories\/detachable-microphone-for-hator-hypergang-3-headsets-acc421\/","title":{"rendered":"Od\u0142\u0105czany mikrofon do zestaw\u00f3w s\u0142uchawkowych HATOR Hypergang 3 (ACC421)"},"content":{"rendered":"","protected":false},"excerpt":{"rendered":"Od\u0142\u0105czany mikrofon o wysokiej czu\u0142o\u015bci z doskona\u0142\u0105 transmisj\u0105 g\u0142osu jest idealny zar\u00f3wno do grania, jak i przesy\u0142ania strumieniowego.","protected":false},"featured_media":112549,"template":"","meta":[],"translation":{"provider":"WPGlobus","version":"2.5.11","language":"pl","enabled_languages":["en","ua","de","pl"],"languages":{"en":{"title":true,"content":false,"excerpt":true},"ua":{"title":true,"content":false,"excerpt":true},"de":{"title":true,"content":false,"excerpt":true},"pl":{"title":true,"content":false,"excerpt":true}}},"aioseo_notices":[],"_links":{"self":[{"href":"https:\/\/shop.hator.gg\/pl\/wp-json\/wp\/v2\/product\/112548"}],"collection":[{"href":"https:\/\/shop.hator.gg\/pl\/wp-json\/wp\/v2\/product"}],"about":[{"href":"https:\/\/shop.hator.gg\/pl\/wp-json\/wp\/v2\/types\/product"}],"wp:featuredmedia":[{"embeddable":true,"href":"https:\/\/shop.hator.gg\/pl\/wp-json\/wp\/v2\/media\/112549"}],"wp:attachment":[{"href":"https:\/\/shop.hator.gg\/pl\/wp-json\/wp\/v2\/media?parent=112548"}],"curies":[{"name":"wp","href":"https:\/\/api.w.org\/{rel}","templated":true}]}}