{"id":112444,"date":"2025-10-23T13:29:13","date_gmt":"2025-10-23T10:29:13","guid":{"rendered":"https:\/\/shop.hator.gg\/?post_type=product&#038;p=112444"},"modified":"2025-10-29T14:12:47","modified_gmt":"2025-10-29T11:12:47","slug":"universal-1-3m-usb-type-c-cable-acc415","status":"publish","type":"product","link":"https:\/\/shop.hator.gg\/pl\/accessories\/universal-1-3m-usb-type-c-cable-acc415\/","title":{"rendered":"Uniwersalny kabel USB typu C o d\u0142ugo\u015bci 1,3 m (ACC415)"},"content":{"rendered":"","protected":false},"excerpt":{"rendered":"Uniwersalny kabel do pod\u0142\u0105czania urz\u0105dze\u0144 ze z\u0142\u0105czem USB typu C.","protected":false},"featured_media":112446,"template":"","meta":[],"translation":{"provider":"WPGlobus","version":"2.5.11","language":"pl","enabled_languages":["en","ua","de","pl"],"languages":{"en":{"title":true,"content":false,"excerpt":true},"ua":{"title":true,"content":false,"excerpt":true},"de":{"title":true,"content":false,"excerpt":true},"pl":{"title":true,"content":false,"excerpt":true}}},"aioseo_notices":[],"_links":{"self":[{"href":"https:\/\/shop.hator.gg\/pl\/wp-json\/wp\/v2\/product\/112444"}],"collection":[{"href":"https:\/\/shop.hator.gg\/pl\/wp-json\/wp\/v2\/product"}],"about":[{"href":"https:\/\/shop.hator.gg\/pl\/wp-json\/wp\/v2\/types\/product"}],"wp:featuredmedia":[{"embeddable":true,"href":"https:\/\/shop.hator.gg\/pl\/wp-json\/wp\/v2\/media\/112446"}],"wp:attachment":[{"href":"https:\/\/shop.hator.gg\/pl\/wp-json\/wp\/v2\/media?parent=112444"}],"curies":[{"name":"wp","href":"https:\/\/api.w.org\/{rel}","templated":true}]}}