{"id":112423,"date":"2025-10-23T11:38:29","date_gmt":"2025-10-23T08:38:29","guid":{"rendered":"https:\/\/shop.hator.gg\/?post_type=product&#038;p=112423"},"modified":"2025-10-29T14:12:47","modified_gmt":"2025-10-29T11:12:47","slug":"universal-extension-cable-1-3m-3-5mm-acc411","status":"publish","type":"product","link":"https:\/\/shop.hator.gg\/pl\/accessories\/universal-extension-cable-1-3m-3-5mm-acc411\/","title":{"rendered":"Przed\u0142u\u017cacz uniwersalny 1.3m 3,5mm (ACC411)"},"content":{"rendered":"","protected":false},"excerpt":{"rendered":"Kabel audio wyposa\u017cony jest w z\u0142\u0105cza mini jack 3,5 mm w konfiguracji mini Jack 3,5 mm \u2013 mini Jack 3,5 mm (ojciec-ojciec). Gwarantuje transmisj\u0119 wysokiej jako\u015bci sygna\u0142u audio.","protected":false},"featured_media":112424,"template":"","meta":[],"translation":{"provider":"WPGlobus","version":"2.5.11","language":"pl","enabled_languages":["en","ua","de","pl"],"languages":{"en":{"title":true,"content":false,"excerpt":true},"ua":{"title":true,"content":false,"excerpt":true},"de":{"title":true,"content":false,"excerpt":true},"pl":{"title":true,"content":false,"excerpt":true}}},"aioseo_notices":[],"_links":{"self":[{"href":"https:\/\/shop.hator.gg\/pl\/wp-json\/wp\/v2\/product\/112423"}],"collection":[{"href":"https:\/\/shop.hator.gg\/pl\/wp-json\/wp\/v2\/product"}],"about":[{"href":"https:\/\/shop.hator.gg\/pl\/wp-json\/wp\/v2\/types\/product"}],"wp:featuredmedia":[{"embeddable":true,"href":"https:\/\/shop.hator.gg\/pl\/wp-json\/wp\/v2\/media\/112424"}],"wp:attachment":[{"href":"https:\/\/shop.hator.gg\/pl\/wp-json\/wp\/v2\/media?parent=112423"}],"curies":[{"name":"wp","href":"https:\/\/api.w.org\/{rel}","templated":true}]}}