{"id":110784,"date":"2025-10-10T19:57:03","date_gmt":"2025-10-10T16:57:03","guid":{"rendered":"https:\/\/shop.hator.gg\/?post_type=product&#038;p=110784"},"modified":"2026-03-30T17:12:43","modified_gmt":"2026-03-30T14:12:43","slug":"hator-darkside-3-fabric-htc3010l-black-l","status":"publish","type":"product","link":"https:\/\/shop.hator.gg\/pl\/chairs\/hator-darkside-3-fabric-htc3010l-black-l\/","title":{"rendered":"HATOR Darkside 3 Fabric (HTC3010L) Black L"},"content":{"rendered":"","protected":false},"excerpt":{"rendered":"<p>Darkside 3 to doskona\u0142y wyb\u00f3r dla os\u00f3b, kt\u00f3re ceni\u0105 sobie komfort, styl i solidne wykonanie. Minimalistyczna forma \u015bwietnie komponuje si\u0119 z ka\u017cdym wn\u0119trzem, a trwa\u0142a konstrukcja i ergonomiczne rozwi\u0105zania zapewniaj\u0105 wygod\u0119 na co dzie\u0144.<\/p>","protected":false},"featured_media":110785,"template":"","meta":[],"translation":{"provider":"WPGlobus","version":"2.5.11","language":"pl","enabled_languages":["en","ua","de","pl"],"languages":{"en":{"title":true,"content":false,"excerpt":true},"ua":{"title":false,"content":false,"excerpt":true},"de":{"title":false,"content":false,"excerpt":true},"pl":{"title":false,"content":false,"excerpt":true}}},"aioseo_notices":[],"_links":{"self":[{"href":"https:\/\/shop.hator.gg\/pl\/wp-json\/wp\/v2\/product\/110784"}],"collection":[{"href":"https:\/\/shop.hator.gg\/pl\/wp-json\/wp\/v2\/product"}],"about":[{"href":"https:\/\/shop.hator.gg\/pl\/wp-json\/wp\/v2\/types\/product"}],"wp:featuredmedia":[{"embeddable":true,"href":"https:\/\/shop.hator.gg\/pl\/wp-json\/wp\/v2\/media\/110785"}],"wp:attachment":[{"href":"https:\/\/shop.hator.gg\/pl\/wp-json\/wp\/v2\/media?parent=110784"}],"curies":[{"name":"wp","href":"https:\/\/api.w.org\/{rel}","templated":true}]}}