{"id":107579,"date":"2025-09-13T15:13:00","date_gmt":"2025-09-13T12:13:00","guid":{"rendered":"https:\/\/shop.hator.gg\/?post_type=product&#038;p=107579"},"modified":"2025-10-29T14:12:47","modified_gmt":"2025-10-29T11:12:47","slug":"hyperpunk-3-series-protein-3d-glasses-friendly-earpads-acc400","status":"publish","type":"product","link":"https:\/\/shop.hator.gg\/pl\/accessories\/hyperpunk-3-series-protein-3d-glasses-friendly-earpads-acc400\/","title":{"rendered":"Nauszniki Hyperpunk 3 Series Protein 3D, przyjazne dla okular\u00f3w (ACC400)"},"content":{"rendered":"","protected":false},"excerpt":{"rendered":"Ergonomiczne poduszki nauszne wykonane z proteinowej sk\u00f3ry i specjalnej pianki zapami\u0119tuj\u0105cej kszta\u0142t zapewniaj\u0105 komfort u\u017cytkowania. Mi\u0119kkie poduszki nauszne zapewniaj\u0105 doskona\u0142\u0105 pasywn\u0105 izolacj\u0119 akustyczn\u0105 i wygodne dopasowanie. Idealny do d\u0142ugich sesji grania!","protected":false},"featured_media":107580,"template":"","meta":[],"translation":{"provider":"WPGlobus","version":"2.5.11","language":"pl","enabled_languages":["en","ua","de","pl"],"languages":{"en":{"title":true,"content":false,"excerpt":true},"ua":{"title":true,"content":false,"excerpt":true},"de":{"title":true,"content":false,"excerpt":true},"pl":{"title":true,"content":false,"excerpt":true}}},"aioseo_notices":[],"_links":{"self":[{"href":"https:\/\/shop.hator.gg\/pl\/wp-json\/wp\/v2\/product\/107579"}],"collection":[{"href":"https:\/\/shop.hator.gg\/pl\/wp-json\/wp\/v2\/product"}],"about":[{"href":"https:\/\/shop.hator.gg\/pl\/wp-json\/wp\/v2\/types\/product"}],"wp:featuredmedia":[{"embeddable":true,"href":"https:\/\/shop.hator.gg\/pl\/wp-json\/wp\/v2\/media\/107580"}],"wp:attachment":[{"href":"https:\/\/shop.hator.gg\/pl\/wp-json\/wp\/v2\/media?parent=107579"}],"curies":[{"name":"wp","href":"https:\/\/api.w.org\/{rel}","templated":true}]}}