{"id":107573,"date":"2025-09-13T14:33:52","date_gmt":"2025-09-13T11:33:52","guid":{"rendered":"https:\/\/shop.hator.gg\/?post_type=product&#038;p=107573"},"modified":"2025-10-20T16:12:57","modified_gmt":"2025-10-20T13:12:57","slug":"hator-hyperpunk-3-series-microfiber-cooling-gel-earpads-acc405","status":"publish","type":"product","link":"https:\/\/shop.hator.gg\/pl\/accessories\/hator-hyperpunk-3-series-microfiber-cooling-gel-earpads-acc405\/","title":{"rendered":"Nauszniki z ch\u0142odz\u0105cym \u017celem do s\u0142uchawek HATOR Hyperpunk 3 (ACC405)"},"content":{"rendered":"","protected":false},"excerpt":{"rendered":"Nauszniki wype\u0142nione s\u0105 g\u0105bk\u0105 memory, posiadaj\u0105 warstw\u0119 \u017celu ch\u0142odz\u0105cego oraz pokryto pow\u0142ok\u0105 hybrydow\u0105 ze sk\u00f3ry proteinowej i tkaniny wymiennika ciep\u0142a. Zapewni to maksymalny komfort podczas d\u0142ugotrwa\u0142ego u\u017cytkowania zestawu s\u0142uchawkowego.","protected":false},"featured_media":107574,"template":"","meta":[],"translation":{"provider":"WPGlobus","version":"2.5.11","language":"pl","enabled_languages":["en","ua","de","pl"],"languages":{"en":{"title":true,"content":false,"excerpt":true},"ua":{"title":true,"content":false,"excerpt":true},"de":{"title":true,"content":false,"excerpt":true},"pl":{"title":true,"content":false,"excerpt":true}}},"aioseo_notices":[],"_links":{"self":[{"href":"https:\/\/shop.hator.gg\/pl\/wp-json\/wp\/v2\/product\/107573"}],"collection":[{"href":"https:\/\/shop.hator.gg\/pl\/wp-json\/wp\/v2\/product"}],"about":[{"href":"https:\/\/shop.hator.gg\/pl\/wp-json\/wp\/v2\/types\/product"}],"wp:featuredmedia":[{"embeddable":true,"href":"https:\/\/shop.hator.gg\/pl\/wp-json\/wp\/v2\/media\/107574"}],"wp:attachment":[{"href":"https:\/\/shop.hator.gg\/pl\/wp-json\/wp\/v2\/media?parent=107573"}],"curies":[{"name":"wp","href":"https:\/\/api.w.org\/{rel}","templated":true}]}}