{"id":107128,"date":"2025-09-10T10:54:11","date_gmt":"2025-09-10T07:54:11","guid":{"rendered":"https:\/\/shop.hator.gg\/?post_type=product&#038;p=107128"},"modified":"2025-12-08T13:12:51","modified_gmt":"2025-12-08T10:12:51","slug":"hator-arc-3-velour-htc3448xl-emerald-xl","status":"publish","type":"product","link":"https:\/\/shop.hator.gg\/pl\/chairs\/hator-arc-3-velour-htc3448xl-emerald-xl\/","title":{"rendered":"HATOR Arc 3 Velour (HTC3448XL) Emerald XL"},"content":{"rendered":"","protected":false},"excerpt":{"rendered":"HATOR Arc 3 to po\u0142\u0105czenie wygody i stylu. Stworzone dla graczy, kt\u00f3rzy ceni\u0105 sobie solidne wsparcie i chc\u0105 podkre\u015bli\u0107 swoj\u0105 indywidualno\u015b\u0107, Arc 3 zapewnia komfort przez ca\u0142y dzie\u0144, przemy\u015blan\u0105 ergonomi\u0119 oraz jeszcze wi\u0119cej sposob\u00f3w na wyr\u00f3\u017cnienie swojego stanowiska gamingowego.","protected":false},"featured_media":107129,"template":"","meta":[],"translation":{"provider":"WPGlobus","version":"2.5.11","language":"pl","enabled_languages":["en","ua","de","pl"],"languages":{"en":{"title":true,"content":false,"excerpt":true},"ua":{"title":false,"content":false,"excerpt":true},"de":{"title":false,"content":false,"excerpt":true},"pl":{"title":false,"content":false,"excerpt":true}}},"aioseo_notices":[],"_links":{"self":[{"href":"https:\/\/shop.hator.gg\/pl\/wp-json\/wp\/v2\/product\/107128"}],"collection":[{"href":"https:\/\/shop.hator.gg\/pl\/wp-json\/wp\/v2\/product"}],"about":[{"href":"https:\/\/shop.hator.gg\/pl\/wp-json\/wp\/v2\/types\/product"}],"wp:featuredmedia":[{"embeddable":true,"href":"https:\/\/shop.hator.gg\/pl\/wp-json\/wp\/v2\/media\/107129"}],"wp:attachment":[{"href":"https:\/\/shop.hator.gg\/pl\/wp-json\/wp\/v2\/media?parent=107128"}],"curies":[{"name":"wp","href":"https:\/\/api.w.org\/{rel}","templated":true}]}}