{"id":106520,"date":"2025-09-04T20:53:52","date_gmt":"2025-09-04T17:53:52","guid":{"rendered":"https:\/\/shop.hator.gg\/?post_type=product&#038;p=106520"},"modified":"2025-09-04T21:12:43","modified_gmt":"2025-09-04T18:12:43","slug":"hator-darkside-3-pro-pu-htc3201l-white-l","status":"publish","type":"product","link":"https:\/\/shop.hator.gg\/pl\/chairs\/hator-darkside-3-pro-pu-htc3201l-white-l\/","title":{"rendered":"HATOR Darkside 3 PRO PU (HTC3201L) White L"},"content":{"rendered":"","protected":false},"excerpt":{"rendered":"Darkside 3 Pro to doskona\u0142e po\u0142\u0105czenie nowoczesnego designu i bezkompromisowego komfortu. Ten fotel stanie si\u0119 niezast\u0105pionym towarzyszem zar\u00f3wno podczas pracy, jak i odpoczynku, oferuj\u0105c wyj\u0105tkow\u0105 wygod\u0119 i trwa\u0142o\u015b\u0107.","protected":false},"featured_media":106521,"template":"","meta":[],"translation":{"provider":"WPGlobus","version":"2.5.11","language":"pl","enabled_languages":["en","ua","de","pl"],"languages":{"en":{"title":true,"content":false,"excerpt":true},"ua":{"title":false,"content":false,"excerpt":true},"de":{"title":false,"content":false,"excerpt":true},"pl":{"title":false,"content":false,"excerpt":true}}},"aioseo_notices":[],"_links":{"self":[{"href":"https:\/\/shop.hator.gg\/pl\/wp-json\/wp\/v2\/product\/106520"}],"collection":[{"href":"https:\/\/shop.hator.gg\/pl\/wp-json\/wp\/v2\/product"}],"about":[{"href":"https:\/\/shop.hator.gg\/pl\/wp-json\/wp\/v2\/types\/product"}],"wp:featuredmedia":[{"embeddable":true,"href":"https:\/\/shop.hator.gg\/pl\/wp-json\/wp\/v2\/media\/106521"}],"wp:attachment":[{"href":"https:\/\/shop.hator.gg\/pl\/wp-json\/wp\/v2\/media?parent=106520"}],"curies":[{"name":"wp","href":"https:\/\/api.w.org\/{rel}","templated":true}]}}