{"id":105655,"date":"2025-08-27T23:00:11","date_gmt":"2025-08-27T20:00:11","guid":{"rendered":"https:\/\/shop.hator.gg\/?post_type=product&#038;p=105655"},"modified":"2026-04-30T19:12:45","modified_gmt":"2026-04-30T16:12:45","slug":"hator-hypergang-3-wireless-esh52-cyber-violet","status":"publish","type":"product","link":"https:\/\/shop.hator.gg\/pl\/headsets\/hator-hypergang-3-wireless-esh52-cyber-violet\/","title":{"rendered":"HATOR Hypergang 3 Wireless (ESH52) Cyber violet"},"content":{"rendered":"","protected":false},"excerpt":{"rendered":"Ciesz si\u0119 pot\u0119\u017cnym d\u017awi\u0119kiem o wysokiej rozdzielczo\u015bci i minimalnym op\u00f3\u017anieniem dzi\u0119ki HATOR Hypergang 3 Wireless. Obs\u0142uga certyfikacji Hi-Res, zaawansowany system redukcji szum\u00f3w Hybrid ANC, precyzyjne pozycjonowanie oraz d\u017awi\u0119k 360\u00b0 dzi\u0119ki technologiom Spatial Audio i Head Tracking zapewniaj\u0105 zanurzenie w \u015bwiat gry bez \u017cadnych kompromis\u00f3w.","protected":false},"featured_media":139798,"template":"","meta":[],"translation":{"provider":"WPGlobus","version":"2.5.11","language":"pl","enabled_languages":["en","ua","de","pl"],"languages":{"en":{"title":true,"content":false,"excerpt":true},"ua":{"title":false,"content":false,"excerpt":true},"de":{"title":false,"content":false,"excerpt":true},"pl":{"title":false,"content":false,"excerpt":true}}},"aioseo_notices":[],"_links":{"self":[{"href":"https:\/\/shop.hator.gg\/pl\/wp-json\/wp\/v2\/product\/105655"}],"collection":[{"href":"https:\/\/shop.hator.gg\/pl\/wp-json\/wp\/v2\/product"}],"about":[{"href":"https:\/\/shop.hator.gg\/pl\/wp-json\/wp\/v2\/types\/product"}],"wp:featuredmedia":[{"embeddable":true,"href":"https:\/\/shop.hator.gg\/pl\/wp-json\/wp\/v2\/media\/139798"}],"wp:attachment":[{"href":"https:\/\/shop.hator.gg\/pl\/wp-json\/wp\/v2\/media?parent=105655"}],"curies":[{"name":"wp","href":"https:\/\/api.w.org\/{rel}","templated":true}]}}