{"id":104745,"date":"2025-08-18T21:00:15","date_gmt":"2025-08-18T18:00:15","guid":{"rendered":"https:\/\/shop.hator.gg\/?post_type=product&#038;p=104745"},"modified":"2026-04-30T19:12:44","modified_gmt":"2026-04-30T16:12:44","slug":"hator-icefall-black-htk402ua","status":"publish","type":"product","link":"https:\/\/shop.hator.gg\/pl\/keyboards\/hator-icefall-black-htk402ua\/","title":{"rendered":"HATOR Icefall Black (HTK402UA)"},"content":{"rendered":"","protected":false},"excerpt":{"rendered":"Pe\u0142nowymiarowa klawiatura membranowa HATOR Icefall to idealny wyb\u00f3r dla os\u00f3b ceni\u0105cych wygod\u0119 i wysok\u0105 wydajno\u015b\u0107. Dzi\u0119ki cichej pracy, szerokiej gamie funkcji, przemy\u015blanej konstrukcji i bogatemu o\u015bwietleniu RGB, ta klawiatura nadaje si\u0119 do r\u00f3\u017cnych scenariuszy u\u017cytkowania.","protected":false},"featured_media":104746,"template":"","meta":[],"translation":{"provider":"WPGlobus","version":"2.5.11","language":"pl","enabled_languages":["en","ua","de","pl"],"languages":{"en":{"title":true,"content":false,"excerpt":true},"ua":{"title":false,"content":false,"excerpt":true},"de":{"title":false,"content":false,"excerpt":true},"pl":{"title":false,"content":false,"excerpt":true}}},"aioseo_notices":[],"_links":{"self":[{"href":"https:\/\/shop.hator.gg\/pl\/wp-json\/wp\/v2\/product\/104745"}],"collection":[{"href":"https:\/\/shop.hator.gg\/pl\/wp-json\/wp\/v2\/product"}],"about":[{"href":"https:\/\/shop.hator.gg\/pl\/wp-json\/wp\/v2\/types\/product"}],"wp:featuredmedia":[{"embeddable":true,"href":"https:\/\/shop.hator.gg\/pl\/wp-json\/wp\/v2\/media\/104746"}],"wp:attachment":[{"href":"https:\/\/shop.hator.gg\/pl\/wp-json\/wp\/v2\/media?parent=104745"}],"curies":[{"name":"wp","href":"https:\/\/api.w.org\/{rel}","templated":true}]}}