{"id":100291,"date":"2025-07-11T22:43:48","date_gmt":"2025-07-11T19:43:48","guid":{"rendered":"https:\/\/shop.hator.gg\/?post_type=product&#038;p=100291"},"modified":"2026-05-04T01:12:45","modified_gmt":"2026-05-03T22:12:45","slug":"hator-hypergang-3-wireless-esh56-white","status":"publish","type":"product","link":"https:\/\/shop.hator.gg\/pl\/headsets\/hator-hypergang-3-wireless-esh56-white\/","title":{"rendered":"HATOR Hypergang 3 Wireless (ESH56) White"},"content":{"rendered":"","protected":false},"excerpt":{"rendered":"Ciesz si\u0119 pot\u0119\u017cnym d\u017awi\u0119kiem o wysokiej rozdzielczo\u015bci i minimalnym op\u00f3\u017anieniem dzi\u0119ki HATOR Hypergang 3 Wireless. Obs\u0142uga certyfikacji Hi-Res, zaawansowany system redukcji szum\u00f3w Hybrid ANC, precyzyjne pozycjonowanie oraz d\u017awi\u0119k 360\u00b0 dzi\u0119ki technologiom Spatial Audio i Head Tracking zapewniaj\u0105 zanurzenie w \u015bwiat gry bez \u017cadnych kompromis\u00f3w.","protected":false},"featured_media":139800,"template":"","meta":[],"translation":{"provider":"WPGlobus","version":"2.5.11","language":"pl","enabled_languages":["en","ua","de","pl"],"languages":{"en":{"title":true,"content":false,"excerpt":true},"ua":{"title":false,"content":false,"excerpt":true},"de":{"title":false,"content":false,"excerpt":true},"pl":{"title":false,"content":false,"excerpt":true}}},"aioseo_notices":[],"_links":{"self":[{"href":"https:\/\/shop.hator.gg\/pl\/wp-json\/wp\/v2\/product\/100291"}],"collection":[{"href":"https:\/\/shop.hator.gg\/pl\/wp-json\/wp\/v2\/product"}],"about":[{"href":"https:\/\/shop.hator.gg\/pl\/wp-json\/wp\/v2\/types\/product"}],"wp:featuredmedia":[{"embeddable":true,"href":"https:\/\/shop.hator.gg\/pl\/wp-json\/wp\/v2\/media\/139800"}],"wp:attachment":[{"href":"https:\/\/shop.hator.gg\/pl\/wp-json\/wp\/v2\/media?parent=100291"}],"curies":[{"name":"wp","href":"https:\/\/api.w.org\/{rel}","templated":true}]}}