{"id":956,"date":"2020-09-25T11:06:05","date_gmt":"2020-09-25T08:06:05","guid":{"rendered":"https:\/\/shop.hator.gg\/?page_id=956"},"modified":"2024-09-18T17:00:09","modified_gmt":"2024-09-18T14:00:09","slug":"shipping-and-delivery","status":"publish","type":"page","link":"https:\/\/shop.hator.gg\/pl\/shipping-and-delivery\/","title":{"rendered":"P\u0142atno\u015b\u0107 i dostawa"},"content":{"rendered":"\n<style>\n  .paymentIcons img {\n    width: 11rem;\n  }\n\n  .paymentIcons .mpLogo {\n    width: 19rem;\n  }\n\n  .line {\n    border-top: 0.1rem solid rgb(var(--white));\n    margin: 3rem 0 2rem 0;\n  }\n\n  .customProductSpecView.deliverTable.open .halfHide {\n    max-height: 5000rem;\n  }\n\n  .customProductSpecView.deliverTable .halfHide>div {\n    max-height: none;\n  }\n\n  .deliverTable .dTable {\n    max-height: none;\n    border: 0.1rem solid rgb(var(--hator-51-gray));\n  }\n\n  .deliverTable .dTable>div {\n    border-bottom: 0.1rem solid rgb(var(--hator-51-gray));\n    display: flex;\n    align-items: stretch;\n    margin: 0;\n  }\n\n  .deliverTable .dTable>div:last-child {\n    border-bottom: none;\n  }\n\n  .deliverTable .dTable>div span {\n    width: 50%;\n    display: block;\n    text-align: center;\n    margin: 0;\n    padding: 1rem;\n    font-size: 1.4rem;\n    color: rgb(var(--white));\n  }\n\n  .deliverTable .dTable>div:first-child span {\n    font-weight: bold;\n    font-size: 1.6rem;\n  }\n\n  .deliverTable .dTable>div span:first-child {\n    border-right: 0.1rem solid rgb(var(--hator-51-gray));\n  }\n<\/style>\n\n<div class=\"otherPages mt-4\">\n  <p>Aby z\u0142o\u017cy\u0107 zam\u00f3wienie, przejd\u017a do \u201eKoszyka\u201d, kliknij przycisk \u201eZ\u0142\u00f3\u017c zam\u00f3wienie\u201d i wype\u0142nij wszystkie wymagane pola oznaczone czerwon\u0105 gwiazdk\u0105.<\/p>\n\n  <p>Dodatkowo do kosztu wybranych towar\u00f3w po wype\u0142nieniu danych o adresie dostawy on-line zostanie obliczony koszt us\u0142ugi dostawy, kt\u00f3ry zostanie doliczony do \u0142\u0105cznej kwoty zam\u00f3wienia.*<\/p>\n\n  <p>Po wype\u0142nieniu wszystkich p\u00f3l i klikni\u0119ciu przycisku \u201ePotwierd\u017a zam\u00f3wienie\u201d zostaniesz przekierowany na bezpieczn\u0105 stron\u0119 serwisu przyjmowania p\u0142atno\u015bci LiqPay, na kt\u00f3rej masz wprowadzi\u0107 dane karty kredytowej, aby dokona\u0107 p\u0142atno\u015bci.<\/p>\n\n  <p><b>Obs\u0142ugiwane s\u0105 nast\u0119puj\u0105ce \u015brodki p\u0142atnicze<\/b><\/p>\n\n  <div class=\"d-flex justify-content-center\">\n    <div class=\"d-flex flex-wrap justify-content-center align-items-center paymentIcons mb-0\">\n      <img class=\"m-3\" src=\"\/wp-content\/uploads\/hator-images\/icons\/payment-icons\/asset-visa-logo.svg\" alt=\"visa logo\">\n      <img class=\"m-3 mpLogo\" src=\"\/wp-content\/uploads\/hator-images\/icons\/payment-icons\/asset-mastercard-logo.svg\" alt=\"masterpass logo\">\n      <img class=\"m-3 mpLogo\" src=\"\/wp-content\/uploads\/hator-images\/icons\/payment-icons\/asset-masterpass-logo.svg\" alt=\"masterpass logo\">\n      <img class=\"m-3\" src=\"\/wp-content\/uploads\/hator-images\/icons\/payment-icons\/asset-gpay-logo.svg\" alt=\"gpay logo\">\n      <img class=\"m-3\" src=\"\/wp-content\/uploads\/hator-images\/icons\/payment-icons\/asset-aplepay-logo.svg\" alt=\"aplepay logo\">\n    <\/div>\n  <\/div>\n  <p>Po z\u0142o\u017ceniu zam\u00f3wienia na podany w formularzu e-mail otrzymasz automatyczne powiadomienie o przyj\u0119tym przez nas zam\u00f3wieniu. <br> W ci\u0105gu nast\u0119pnego dnia roboczego (Pn-Pt, GMT+3 11-00 \u2013 19-00) zam\u00f3wienie zostanie przetworzone, a powiadomienie o tym zostanie wys\u0142ane na tw\u00f3j adres e-mail. <\/p>\n  <p>*Uwaga! Kwota zam\u00f3wienia nie uwzgl\u0119dnia mo\u017cliwych op\u0142at celnych w Twoim kraju.<\/p>\n\n  <div class=\"line\"><\/div>\n  <p><b>Dostawa zam\u00f3wie\u0144 na terenie Ukrainy realizowana jest przez firm\u0119 \u201eNowa Poczta\u201d.<\/b><\/p>\n\n  <p>Koszt dostawy jest automatycznie doliczany do kwoty zam\u00f3wienia.<\/p>\n\n  <div class=\"line\"><\/div>\n  \n\n\n\n<\/div>\n\n\n\n<p><\/p>\n","protected":false},"excerpt":{"rendered":"Aby z\u0142o\u017cy\u0107 zam\u00f3wienie, przejd\u017a do \u201eKoszyka\u201d, kliknij przycisk \u201eZ\u0142\u00f3\u017c zam\u00f3wienie\u201d i wype\u0142nij wszystkie wymagane pola oznaczone czerwon\u0105 gwiazdk\u0105. Dodatkowo do kosztu wybranych towar\u00f3w po wype\u0142nieniu danych o adresie dostawy on-line zostanie obliczony koszt us\u0142ugi dostawy, kt\u00f3ry zostanie doliczony do \u0142\u0105cznej kwoty zam\u00f3wienia.* Po wype\u0142nieniu wszystkich p\u00f3l i klikni\u0119ciu przycisku \u201ePotwierd\u017a zam\u00f3wienie\u201d zostaniesz przekierowany na bezpieczn\u0105 [&hellip;]","protected":false},"author":1,"featured_media":0,"parent":0,"menu_order":0,"comment_status":"closed","ping_status":"closed","template":"template-fullwidth.php","meta":[],"translation":{"provider":"WPGlobus","version":"2.5.11","language":"pl","enabled_languages":["en","ua","de","pl"],"languages":{"en":{"title":true,"content":true,"excerpt":false},"ua":{"title":true,"content":true,"excerpt":false},"de":{"title":true,"content":true,"excerpt":false},"pl":{"title":true,"content":true,"excerpt":false}}},"aioseo_notices":[],"_links":{"self":[{"href":"https:\/\/shop.hator.gg\/pl\/wp-json\/wp\/v2\/pages\/956"}],"collection":[{"href":"https:\/\/shop.hator.gg\/pl\/wp-json\/wp\/v2\/pages"}],"about":[{"href":"https:\/\/shop.hator.gg\/pl\/wp-json\/wp\/v2\/types\/page"}],"author":[{"embeddable":true,"href":"https:\/\/shop.hator.gg\/pl\/wp-json\/wp\/v2\/users\/1"}],"replies":[{"embeddable":true,"href":"https:\/\/shop.hator.gg\/pl\/wp-json\/wp\/v2\/comments?post=956"}],"version-history":[{"count":194,"href":"https:\/\/shop.hator.gg\/pl\/wp-json\/wp\/v2\/pages\/956\/revisions"}],"predecessor-version":[{"id":72659,"href":"https:\/\/shop.hator.gg\/pl\/wp-json\/wp\/v2\/pages\/956\/revisions\/72659"}],"wp:attachment":[{"href":"https:\/\/shop.hator.gg\/pl\/wp-json\/wp\/v2\/media?parent=956"}],"curies":[{"name":"wp","href":"https:\/\/api.w.org\/{rel}","templated":true}]}}