{"id":3,"date":"2020-06-19T10:15:50","date_gmt":"2020-06-19T07:15:50","guid":{"rendered":"https:\/\/shop.hator.gg\/?page_id=3"},"modified":"2022-09-06T10:37:39","modified_gmt":"2022-09-06T07:37:39","slug":"privacy-policy","status":"publish","type":"page","link":"https:\/\/shop.hator.gg\/pl\/privacy-policy\/","title":{"rendered":"Polityka prywatno\u015bci"},"content":{"rendered":"\n<div class=\"otherPages mt-4\">\n  \n    <p>\n        Wszelkie prawa do strony internetowej <b>shop.hator.gg<\/b> do \u201eElprofi\u201d Sp. z o. o. (kod JeDRPOU 37025235, siedziba: Ukraina, 03057 Kij\u00f3w, ul. Dehtiariwska 33a). \n    <\/p>\n    \n    <p>Udzielone przez Ciebie Informacje mog\u0105 by\u0107 wykorzystywane przez \u201eElprofi\u201d Sp. z o. o. w celu przetwarzania, przechowywania i wykorzystywania w dzia\u0142alno\u015bci handlowej, w tym przekazywania partnerom \u201eElprofi\u201d Sp. z o. o. w celu prowadzenia dzia\u0142a\u0144 marketingowych.<\/p>\n    \n    <p>\n        Wyra\u017casz zgod\u0119 na przetwarzanie swoich danych osobowych w nast\u0119puj\u0105cy spos\u00f3b:\n    <\/p>\n    <ul>\n      <li>\n        podczas odwiedzania strony <b>shop.hator.gg<\/b> lub realizacji (potwierdzenia) zam\u00f3wienia na stronie internetowej <b>shop.hator.gg,<\/b> czyli kupuj\u0105c towary i\/lub us\u0142ugi;\n      <\/li>\n      \n      <li>\n        bior\u0105c udzia\u0142 w dzia\u0142aniach promocyjnych \u201eElprofi\u201d Sp. z o. o. zgodnie z zasadami takich wydarze\u0144.\n      <\/li>\n    <\/ul>\n    <p>\n        Taka lista procedur wyra\u017cania zgody na przetwarzanie Twoich danych osobowych nie jest wyczerpuj\u0105ca i jest do uzgodnienia z \u201eNFV Eletek Ltd\u201d Sp. z o. o. i klientem (konsumentem) i\/lub jest przekazywana klientowi (konsumentowi).\n    <\/p>\n    \n    <p>\n        U\u017cywamy plik\u00f3w cookie do zapisywania informacji o towarach, kt\u00f3re zosta\u0142y dodane do Twojego koszyka, listy por\u00f3wnawczej i po\u017c\u0105danych produkt\u00f3w, czatu online oraz wy\u015bwietlania ofert, kt\u00f3re naszym zdaniem mog\u0105 Ci\u0119 zainteresowa\u0107. Je\u015bli nadal korzystasz z naszej strony, oznacza to Twoj\u0105 zgod\u0119 na u\u017cywanie przez nas plik\u00f3w cookie i otrzymywanie przez Ciebie wszystkich plik\u00f3w cookie oraz nasz\u0105 mo\u017cliwo\u015b\u0107 wysy\u0142ania Ci najbardziej aktualnych informacji o ofertach i aktualnych promocjach. W ka\u017cdej chwili mo\u017cesz zrezygnowa\u0107 z subskrypcji lub zabroni\u0107 korzystania z plik\u00f3w cookie w drodze zmiany ustawie\u0144 Twojego urz\u0105dzenia.\n    <\/p>\n    \n    <p>\n        Podczas odwiedzania strony i sklepu internetowego shop.hator.gg gromadzimy, przechowujemy i przetwarzamy takie informacje, jak adres IP, ata i godzina wizyty, typ i j\u0119zyk przegl\u0105darki, pliki cookies \u2013 wy\u0142\u0105cznie w celu zapewnienia us\u0142ug strony i sklepu internetowego, optymalizacji ich dzia\u0142ania,a tak\u017ce w celu ochrony integralno\u015bci przestrzeni informacyjnej strony.\n    <\/p>\n    <\/div>\n\n\n\n<p><\/p>\n","protected":false},"excerpt":{"rendered":"Wszelkie prawa do strony internetowej shop.hator.gg do \u201eElprofi\u201d Sp. z o. o. (kod JeDRPOU 37025235, siedziba: Ukraina, 03057 Kij\u00f3w, ul. Dehtiariwska 33a). Udzielone przez Ciebie Informacje mog\u0105 by\u0107 wykorzystywane przez \u201eElprofi\u201d Sp. z o. o. w celu przetwarzania, przechowywania i wykorzystywania w dzia\u0142alno\u015bci handlowej, w tym przekazywania partnerom \u201eElprofi\u201d Sp. z o. o. w celu [&hellip;]","protected":false},"author":1,"featured_media":0,"parent":0,"menu_order":0,"comment_status":"closed","ping_status":"closed","template":"template-fullwidth.php","meta":[],"translation":{"provider":"WPGlobus","version":"2.5.11","language":"pl","enabled_languages":["en","ua","de","pl"],"languages":{"en":{"title":true,"content":true,"excerpt":false},"ua":{"title":true,"content":true,"excerpt":false},"de":{"title":true,"content":true,"excerpt":false},"pl":{"title":true,"content":true,"excerpt":false}}},"aioseo_notices":[],"_links":{"self":[{"href":"https:\/\/shop.hator.gg\/pl\/wp-json\/wp\/v2\/pages\/3"}],"collection":[{"href":"https:\/\/shop.hator.gg\/pl\/wp-json\/wp\/v2\/pages"}],"about":[{"href":"https:\/\/shop.hator.gg\/pl\/wp-json\/wp\/v2\/types\/page"}],"author":[{"embeddable":true,"href":"https:\/\/shop.hator.gg\/pl\/wp-json\/wp\/v2\/users\/1"}],"replies":[{"embeddable":true,"href":"https:\/\/shop.hator.gg\/pl\/wp-json\/wp\/v2\/comments?post=3"}],"version-history":[{"count":23,"href":"https:\/\/shop.hator.gg\/pl\/wp-json\/wp\/v2\/pages\/3\/revisions"}],"predecessor-version":[{"id":17565,"href":"https:\/\/shop.hator.gg\/pl\/wp-json\/wp\/v2\/pages\/3\/revisions\/17565"}],"wp:attachment":[{"href":"https:\/\/shop.hator.gg\/pl\/wp-json\/wp\/v2\/media?parent=3"}],"curies":[{"name":"wp","href":"https:\/\/api.w.org\/{rel}","templated":true}]}}