{"id":147131,"date":"2026-05-11T11:12:25","date_gmt":"2026-05-11T08:12:25","guid":{"rendered":"https:\/\/shop.hator.gg\/?page_id=147131"},"modified":"2026-05-11T11:28:53","modified_gmt":"2026-05-11T08:28:53","slug":"guaranteed-gift-when-purchasing-hator-chairs-at-zona51","status":"publish","type":"page","link":"https:\/\/shop.hator.gg\/pl\/guaranteed-gift-when-purchasing-hator-chairs-at-zona51\/","title":{"rendered":"Gwarantowany prezent przy zakupie foteli HATOR"},"content":{"rendered":"<section class=\"promo-section\">\n<h2>Kup fotel HATOR i wybierz gwarantowany prezent!<\/h2>\n<h3>Jak to dzia\u0142a?<\/h3>\n<ul>\n \t<li>\n      Seria foteli HATOR Arc 4:\nWybierz dowolny prezent z puli poziomu 3.<\/li>\n \t<li>\n      Seria foteli HATOR ARC 3, 2, Phantom Black, Fabrick:\nWybierz prezent z puli poziomu 2 lub 1.<\/li>\n \t<li>\n      Seria foteli HATOR DarkSide 3:\nOtrzymaj prezent wy\u0142\u0105cznie z puli poziomu 1.<\/li>\n<\/ul>\n<h3>Co mo\u017cesz wybra\u0107?<\/h3>\n<div class=\"gift-level\">\n<h4>Nagrody poziomu 1:<\/h4>\n<ul>\n \t<li>S\u0142uchawki: HATOR HellyBerry HH30 PRO<\/li>\n \t<li>Klawiatura: HATOR HellyBerry HK75 Wireless<\/li>\n \t<li>Mysz: HATOR HellyBerry HM47<\/li>\n \t<li>Podk\u0142adka: HATOR Tonn eSports Maincast<\/li>\n<\/ul>\n<\/div>\n<div class=\"gift-level\">\n<h4>Nagrody poziomu 2:<\/h4>\nS\u0142uchawki:\n<ul>\n \t<li>HATOR Hyperpunk 3 Wireless<\/li>\n \t<li>HATOR HellyBerry HH30 PRO<\/li>\n<\/ul>\nKlawiatury:\n<ul>\n \t<li>HATOR Skyfall 80 Wireless<\/li>\n \t<li>HATOR HellyBerry HK75 Wireless<\/li>\n<\/ul>\nMyszy:\n<ul>\n \t<li>HATOR Pulsar 3 Wireless<\/li>\n \t<li>HATOR HellyBerry HM47<\/li>\n<\/ul>\nPodk\u0142adki:\n<ul>\n \t<li>HATOR Tonn EVO XXL<\/li>\n \t<li>HATOR Tonn eSports Maincast<\/li>\n<\/ul>\n<\/div>\n<div class=\"gift-level\">\n<h4>Nagrody poziomu 3:<\/h4>\nS\u0142uchawki:\n<ul>\n \t<li>HATOR Phoenix 2 Wireless<\/li>\n \t<li>HATOR Hyperpunk 3 Wireless<\/li>\n \t<li>HATOR HellyBerry HH30 PRO<\/li>\n<\/ul>\nKlawiatury:\n<ul>\n \t<li>HATOR Rockfall 3 Mecha TKL Wireless<\/li>\n \t<li>HATOR Skyfall 80 Wireless<\/li>\n \t<li>HATOR HellyBerry HK75 Wireless<\/li>\n<\/ul>\nMyszy:\n<ul>\n \t<li>HATOR Quasar 3 Ultra 8K<\/li>\n \t<li>HATOR Pulsar 3 Wireless<\/li>\n \t<li>HATOR HellyBerry HM47<\/li>\n<\/ul>\nPodk\u0142adki:\n<ul>\n \t<li>HATOR Tonn EVO 3XL (Edition)<\/li>\n \t<li>HATOR Tonn EVO XXL<\/li>\n \t<li>HATOR Tonn eSports Maincast<\/li>\n<\/ul>\n<\/div>\n<h3>Jak otrzyma\u0107 prezent?<\/h3>\nPo z\u0142o\u017ceniu zam\u00f3wienia nasz mened\u017cer skontaktuje si\u0119 z Tob\u0105,\naby potwierdzi\u0107 wybrany prezent, lub mo\u017cesz wpisa\u0107 model\nw polu &#8220;Komentarz do zam\u00f3wienia&#8221;.\n<h3>Uwaga:<\/h3>\n<ul>\n \t<li>Warto\u015b\u0107 prezentu zostanie odj\u0119ta od ceny fotela na paragonie.<\/li>\n \t<li>Zwrot prezentu oddzielnie od fotela nie jest mo\u017cliwy.<\/li>\n<\/ul>\nSpraw, aby Tw\u00f3j zakup by\u0142 jeszcze bardziej op\u0142acalny i wybierz prezent, kt\u00f3ry naprawd\u0119 Ci si\u0119 przyda!\n<\/section><span style=\"margin-top: 20px;\">Przejd\u017a i wybierz &#8211; <a href=\"https:\/\/shop.hator.gg\/pl\/chairs\/\" target=\"_blank\" rel=\"noopener noreferrer\" style=\"color: white;\">https:\/\/shop.hator.gg\/pl\/chairs\/<\/a><\/span>","protected":false},"excerpt":{"rendered":"Kup fotel HATOR i wybierz gwarantowany prezent! Jak to dzia\u0142a? Seria foteli HATOR Arc 4: Wybierz dowolny prezent z puli poziomu 3. Seria foteli HATOR ARC 3, 2, Phantom Black, Fabrick: Wybierz prezent z puli poziomu 2 lub 1. Seria foteli HATOR DarkSide 3: Otrzymaj prezent wy\u0142\u0105cznie z puli poziomu 1. Co mo\u017cesz wybra\u0107? Nagrody [&hellip;]","protected":false},"author":1,"featured_media":0,"parent":0,"menu_order":0,"comment_status":"closed","ping_status":"closed","template":"","meta":[],"translation":{"provider":"WPGlobus","version":"2.5.11","language":"pl","enabled_languages":["en","ua","de","pl"],"languages":{"en":{"title":true,"content":true,"excerpt":false},"ua":{"title":true,"content":true,"excerpt":false},"de":{"title":true,"content":true,"excerpt":false},"pl":{"title":true,"content":true,"excerpt":false}}},"aioseo_notices":[],"_links":{"self":[{"href":"https:\/\/shop.hator.gg\/pl\/wp-json\/wp\/v2\/pages\/147131"}],"collection":[{"href":"https:\/\/shop.hator.gg\/pl\/wp-json\/wp\/v2\/pages"}],"about":[{"href":"https:\/\/shop.hator.gg\/pl\/wp-json\/wp\/v2\/types\/page"}],"author":[{"embeddable":true,"href":"https:\/\/shop.hator.gg\/pl\/wp-json\/wp\/v2\/users\/1"}],"replies":[{"embeddable":true,"href":"https:\/\/shop.hator.gg\/pl\/wp-json\/wp\/v2\/comments?post=147131"}],"version-history":[{"count":20,"href":"https:\/\/shop.hator.gg\/pl\/wp-json\/wp\/v2\/pages\/147131\/revisions"}],"predecessor-version":[{"id":147152,"href":"https:\/\/shop.hator.gg\/pl\/wp-json\/wp\/v2\/pages\/147131\/revisions\/147152"}],"wp:attachment":[{"href":"https:\/\/shop.hator.gg\/pl\/wp-json\/wp\/v2\/media?parent=147131"}],"curies":[{"name":"wp","href":"https:\/\/api.w.org\/{rel}","templated":true}]}}