{"id":1071,"date":"2020-09-28T17:00:59","date_gmt":"2020-09-28T14:00:59","guid":{"rendered":"https:\/\/shop.hator.gg\/?page_id=1071"},"modified":"2022-09-05T18:06:13","modified_gmt":"2022-09-05T15:06:13","slug":"public-offer-agreement","status":"publish","type":"page","link":"https:\/\/shop.hator.gg\/pl\/public-offer-agreement\/","title":{"rendered":"Umowa oferty publicznej"},"content":{"rendered":"\n<div class=\"otherPages mt-4\">\n    <h3>Postanowienia og\u00f3lne<\/h3>\n    <p>1.1. Niniejsza oferta jest oficjaln\u0105 ofert\u0105 \u201eElprofi\u201d Sp. z o.o., dalej w tek\u015bcie &#8211; \u201eSprzedawca\u201d, do zawarcia Umowy kupna-sprzeda\u017cy towar\u00f3w drog\u0105 zdaln\u0105, czyli za po\u015brednictwem sklepu internetowego, dalej w tek\u015bcie &#8211; \u201eUmowa\u201d, i umieszcza Ofert\u0119 Publiczn\u0105 (propozycj\u0119) na oficjalnej stronie internetowej Sprzedawcy \u00abhttps:\/\/shop.hator.gg\u00bb.\n    <\/p>\n    <p>1.2. Momentem pe\u0142nej i bezwarunkowej akceptacji przez Nabywc\u0119 oferty Sprzedawcy (akceptem) do zawarcia elektronicznej umowy kupna-sprzeda\u017cy towar\u00f3w, jest fakt zap\u0142aty przez Nabywc\u0119 zam\u00f3wienia na warunkach niniejszej Umowy, w terminie i w cenach podanych na stronie internetowej Sprzedawcy.<\/p>\n    \n    <h3>Przedmiot Umowy<\/h3>\n    <p>2.1. Sprzedawca zobowi\u0105zuje si\u0119 do przeniesienia towaru na w\u0142asno\u015b\u0107 Nabywcy, a Nabywca zobowi\u0105zuje si\u0119 do zap\u0142aty i przyj\u0119cia Towaru na warunkach niniejszej Umowy.<\/p>\n    <p>Niniejsza Umowa reguluje kupno-sprzeda\u017c towar\u00f3w w sklepie internetowym, w tym:<\/p>\n    <ul>\n      <li>dobrowolny wyb\u00f3r przez Nabywc\u0119 towar\u00f3w w sklepie internetowym;<\/li>\n      <li>samodzielne z\u0142o\u017cenie przez Nabywc\u0119 zam\u00f3wienia w sklepie internetowym;<\/li>\n      <li>zap\u0142ata przez Nabywc\u0119 za zam\u00f3wienie z\u0142o\u017cone w sklepie internetowym;<\/li>\n      <li><b>przetwarzanie i dostarczanie zam\u00f3wienia Nabywcy na w\u0142asno\u015b\u0107 na warunkach niniejszej Umowy.<\/b><\/li>\n    <\/ul>\n\n    <h3>Procedura sk\u0142adania zam\u00f3wienia<\/h3>\n    <p>3.1. Nabywca ma prawo z\u0142o\u017cy\u0107 zam\u00f3wienie na dowolny produkt prezentowany i dost\u0119pny na stronie Sklepu Internetowego.<\/p>\n    <p>3.2. Ka\u017cda pozycja mo\u017ce by\u0107 przedstawiona w zam\u00f3wieniu w dowolnej ilo\u015bci.<\/p>\n    <p>3.3. W przypadku braku towaru w magazynie, Mened\u017cer firmy jest zobowi\u0105zany do poinformowania Nabywcy (telefonicznie lub za po\u015brednictwem poczty elektronicznej).<\/p>\n    <p>3.4. W przypadku braku towaru Nabywca ma prawo zast\u0105pi\u0107 go produktem o podobnym modelu, zrezygnowa\u0107 z tego towaru, anulowa\u0107 zam\u00f3wienie.<\/p>\n\n    <h3>Procedura p\u0142atno\u015bci za zam\u00f3wienie<\/h3>\n    <p><b>Przedp\u0142ata<\/b><\/p>\n    <p>4.1. P\u0142atno\u015b\u0107 za zam\u00f3wienia odbywa si\u0119 za po\u015brednictwem elektronicznego systemu p\u0142atno\u015bci LiqPay.<\/p>\n    <h3>Warunki dostawy zam\u00f3wienia<\/h3>\n    <p>5.1. Dostawa towar\u00f3w zakupionych w Sklepie Internetowym odbywa si\u0119 do magazyn\u00f3w firm transportowych, w kt\u00f3rych wydawane s\u0105 zam\u00f3wienia.<\/p>\n    <p>5.2. Wraz z zam\u00f3wieniem kupuj\u0105cy otrzymuje dokumenty zgodnie z prawem Ukrainy.<\/p>\n    \n    <h3>Prawa i obowi\u0105zki stron:<\/h3>\n    <p>6.1. Sprzedawca jest uprawniony do:<\/p>\n    <ul>\n      <li>jednostronnego zaprzestania \u015bwiadczenia us\u0142ug na mocy niniejszej Umowy w przypadku naruszenia przez Nabywc\u0119 warunk\u00f3w niniejszej Umowy.<\/li>\n    <\/ul>\n    <p>6.2. Nabywca jest zobowi\u0105zany do:<\/p>\n    <ul>\n      <li>terminowej zap\u0142aty i odbioru zam\u00f3wienia na warunkach niniejszej umowy.<\/li>\n    <\/ul>\n    <p>6.3. Nabywca jest uprawniony do:<\/p>\n    <ul>\n        <li>z\u0142o\u017cenia zam\u00f3wienia w Sklepie Internetowym;<\/li>\n        <li>sporz\u0105dzenia umowy elektronicznej;<\/li>\n        <li>\u017c\u0105dania od Sprzedawcy spe\u0142nienia warunk\u00f3w niniejszej Umowy.<\/li>        \n    <\/ul>\n\n    <h3>Odpowiedzialno\u015b\u0107 stron<\/h3>\n    <p>7.1. Strony s\u0105 odpowiedzialne za niewykonanie lub nienale\u017cyte wykonanie warunk\u00f3w niniejszej Umowy w spos\u00f3b przewidziany w niniejszej Umowie i obowi\u0105zuj\u0105cymi przepisami prawa Ukrainy.<\/p>\n    <p>7.2. Sprzedawca nie ponosi odpowiedzialno\u015bci za:<\/p>\n    <ul>\n        <li>zmieniony przez producenta wygl\u0105d Towaru;<\/li>\n        <li>za niewielk\u0105 rozbie\u017cno\u015b\u0107 w gamie kolor\u00f3w produktu, kt\u00f3ra mo\u017ce r\u00f3\u017cni\u0107 si\u0119 od orygina\u0142u produktu wy\u0142\u0105cznie ze wzgl\u0119du na inn\u0105 transmisj\u0119 kolor\u00f3w monitor\u00f3w komputer\u00f3w osobistych poszczeg\u00f3lnych modeli;<\/li>\n        <li>za tre\u015b\u0107 i prawdziwo\u015b\u0107 informacji podanych przez Nabywc\u0119 przy sk\u0142adaniu zam\u00f3wienia;<\/li>\n        <li>za op\u00f3\u017anienia i przerwy w \u015bwiadczeniu Us\u0142ug (przetwarzanie zam\u00f3wienia i dostawa towaru), kt\u00f3re wyst\u0119puj\u0105 z przyczyn poza zakresem jego kontroli;<\/li>\n        <li>za bezprawne dzia\u0142ania niezgodne z prawem dokonane przez Nabywc\u0119 za pomoc\u0105 tego dost\u0119pu do Internetu;<\/li>\n        <li>za przekazanie przez Nabywc\u0119 swoich identyfikator\u00f3w sieciowych \u2013 IP, adresu MAC, loginu i has\u0142a osobom trzecim;<\/li>\n    <\/ul>\n    <p>7.3. Nabywca korzystaj\u0105c z przyznanego mu dost\u0119pu do Internetu, samodzielnie ponosi odpowiedzialno\u015b\u0107 za szkody wyrz\u0105dzone przez jego dzia\u0142ania (osobi\u015bcie, nawet je\u015bli pod jego loginem by\u0142a inna osoba) osobom lub ich mieniu, podmiotom prawnym, pa\u0144stwu lub zasadom moralnym.<\/p>\n    <p>7.4. W przypadku zaistnienia okoliczno\u015bci <\/p>\n    <p>si\u0142y wy\u017cszej strony s\u0105 zwolnione z przestrzegania warunk\u00f3w niniejszej umowy. Przez okoliczno\u015bci si\u0142y wy\u017cszej dla cel\u00f3w niniejszej umowy rozumiane s\u0105 zdarzenia o charakterze nadzwyczajnym, nieprzewidzianym, kt\u00f3re wykluczaj\u0105 lub obiektywnie uniemo\u017cliwiaj\u0105 wykonanie niniejszej umowy, kt\u00f3rych wyst\u0105pienia Strony nie mog\u0142y przewidzie\u0107 i zapobiec w rozs\u0105dny spos\u00f3b.<\/p>\n    <p>7.5. Strony dok\u0142adaj\u0105 wszelkich stara\u0144, aby rozwi\u0105za\u0107 wszelkie spory wy\u0142\u0105cznie w drodze negocjacji.<\/p>\n\n    <h3>Procedura zwrotu towaru odpowiedniej jako\u015bci<\/h3>\n    <p>8.1. Zwrot towaru do Sklepu Internetowego odbywa si\u0119 zgodnie z obowi\u0105zuj\u0105cym prawem Ukrainy.<\/p>\n    <p>8.2. Zwrot towaru do Sklepu Internetowego odbywa na koszt Nabywcy.<\/p>\n    <p>8.3. W przypadku zwrotu przez Nabywc\u0119 towaru odpowiedniej jako\u015bci, Sklep Internetowy zwraca mu zap\u0142acon\u0105 za towar kwot\u0119 pieni\u0119\u017cn\u0105 po zwrocie towaru, pomniejszon\u0105 o rekompensat\u0119 koszt\u00f3w Sklepu Internetowego zwi\u0105zanych z dostaw\u0105 towaru do Nabywcy.<\/p>\n    \n    <h3>Czas trwania Umowy<\/h3>\n    <p>9.1.Umowa elektroniczna jest uwa\u017cana za zawart\u0105 z chwil\u0105 otrzymania przez osob\u0119, kt\u00f3ra z\u0142o\u017cy\u0142a wniosek o zawarcie takiej umowy, odpowiedzi na przyj\u0119cie tej oferty w spos\u00f3b okre\u015blony w cz\u0119\u015bci sz\u00f3stej artyku\u0142u 11 Ustawy Ukrainy o handlu elektronicznym.<\/p>\n    <p>9.2. Przed wyga\u015bni\u0119ciem niniejsza Umowa mo\u017ce zosta\u0107 rozwi\u0105zana za obop\u00f3ln\u0105 zgod\u0105 stron przed momentem faktycznej dostawy towaru, poprzez zwrot \u015brodk\u00f3w pieni\u0119\u017cnych<\/p>\n    <p>9.3. Strony maj\u0105 prawo do rozwi\u0105zania niniejszej umowy jednostronnie, w przypadku niespe\u0142nienia przez jedn\u0105 ze stron warunk\u00f3w niniejszej Umowy oraz w przypadkach przewidzianych przez obowi\u0105zuj\u0105ce prawo Ukrainy.<\/p>\n\n  <\/div>\n\n\n\n<p><\/p>\n","protected":false},"excerpt":{"rendered":"Postanowienia og\u00f3lne 1.1. Niniejsza oferta jest oficjaln\u0105 ofert\u0105 \u201eElprofi\u201d Sp. z o.o., dalej w tek\u015bcie &#8211; \u201eSprzedawca\u201d, do zawarcia Umowy kupna-sprzeda\u017cy towar\u00f3w drog\u0105 zdaln\u0105, czyli za po\u015brednictwem sklepu internetowego, dalej w tek\u015bcie &#8211; \u201eUmowa\u201d, i umieszcza Ofert\u0119 Publiczn\u0105 (propozycj\u0119) na oficjalnej stronie internetowej Sprzedawcy \u00abhttps:\/\/shop.hator.gg\u00bb. 1.2. Momentem pe\u0142nej i bezwarunkowej akceptacji przez Nabywc\u0119 oferty Sprzedawcy [&hellip;]","protected":false},"author":1,"featured_media":0,"parent":0,"menu_order":0,"comment_status":"closed","ping_status":"closed","template":"","meta":[],"translation":{"provider":"WPGlobus","version":"2.5.11","language":"pl","enabled_languages":["en","ua","de","pl"],"languages":{"en":{"title":true,"content":true,"excerpt":false},"ua":{"title":true,"content":true,"excerpt":false},"de":{"title":true,"content":true,"excerpt":false},"pl":{"title":true,"content":true,"excerpt":false}}},"aioseo_notices":[],"_links":{"self":[{"href":"https:\/\/shop.hator.gg\/pl\/wp-json\/wp\/v2\/pages\/1071"}],"collection":[{"href":"https:\/\/shop.hator.gg\/pl\/wp-json\/wp\/v2\/pages"}],"about":[{"href":"https:\/\/shop.hator.gg\/pl\/wp-json\/wp\/v2\/types\/page"}],"author":[{"embeddable":true,"href":"https:\/\/shop.hator.gg\/pl\/wp-json\/wp\/v2\/users\/1"}],"replies":[{"embeddable":true,"href":"https:\/\/shop.hator.gg\/pl\/wp-json\/wp\/v2\/comments?post=1071"}],"version-history":[{"count":27,"href":"https:\/\/shop.hator.gg\/pl\/wp-json\/wp\/v2\/pages\/1071\/revisions"}],"predecessor-version":[{"id":17546,"href":"https:\/\/shop.hator.gg\/pl\/wp-json\/wp\/v2\/pages\/1071\/revisions\/17546"}],"wp:attachment":[{"href":"https:\/\/shop.hator.gg\/pl\/wp-json\/wp\/v2\/media?parent=1071"}],"curies":[{"name":"wp","href":"https:\/\/api.w.org\/{rel}","templated":true}]}}