{"id":99223,"date":"2025-07-01T09:15:17","date_gmt":"2025-07-01T06:15:17","guid":{"rendered":"https:\/\/shop.hator.gg\/?post_type=product&#038;p=99223"},"modified":"2026-04-01T18:12:45","modified_gmt":"2026-04-01T15:12:45","slug":"hator-hyperpunk-3-wireless-white-esh16","status":"publish","type":"product","link":"https:\/\/shop.hator.gg\/de\/headsets\/hator-hyperpunk-3-wireless-white-esh16\/","title":{"rendered":"HATOR Hyperpunk 3 Wireless (ESH16) White"},"content":{"rendered":"","protected":false},"excerpt":{"rendered":"Das HATOR Hyperpunk 3 Wireless ist das perfekte Headset f\u00fcr Gamer, das kabellose Freiheit mit Hi-Res-Audio verbindet. Mit Ger\u00e4uschunterdr\u00fcckungstechnologie, langer Akkulaufzeit und vielseitigen Verbindungsm\u00f6glichkeiten sorgt dieses Headset f\u00fcr ein vollst\u00e4ndiges Eintauchen in das Spiel auf einer Vielzahl von Ger\u00e4ten. Erleben Sie jedes Detail des Klangs und bleiben Sie ohne Einschr\u00e4nkungen verbunden.","protected":false},"featured_media":139825,"template":"","meta":[],"translation":{"provider":"WPGlobus","version":"2.5.11","language":"de","enabled_languages":["en","ua","de","pl"],"languages":{"en":{"title":true,"content":false,"excerpt":true},"ua":{"title":false,"content":false,"excerpt":true},"de":{"title":false,"content":false,"excerpt":true},"pl":{"title":false,"content":false,"excerpt":true}}},"aioseo_notices":[],"_links":{"self":[{"href":"https:\/\/shop.hator.gg\/de\/wp-json\/wp\/v2\/product\/99223"}],"collection":[{"href":"https:\/\/shop.hator.gg\/de\/wp-json\/wp\/v2\/product"}],"about":[{"href":"https:\/\/shop.hator.gg\/de\/wp-json\/wp\/v2\/types\/product"}],"wp:featuredmedia":[{"embeddable":true,"href":"https:\/\/shop.hator.gg\/de\/wp-json\/wp\/v2\/media\/139825"}],"wp:attachment":[{"href":"https:\/\/shop.hator.gg\/de\/wp-json\/wp\/v2\/media?parent=99223"}],"curies":[{"name":"wp","href":"https:\/\/api.w.org\/{rel}","templated":true}]}}