{"id":94132,"date":"2025-04-17T21:13:51","date_gmt":"2025-04-17T18:13:51","guid":{"rendered":"https:\/\/shop.hator.gg\/?post_type=product&#038;p=94132"},"modified":"2026-02-16T21:12:48","modified_gmt":"2026-02-16T18:12:48","slug":"hator-gravity-tkl-white-htk561us","status":"publish","type":"product","link":"https:\/\/shop.hator.gg\/de\/keyboards\/hator-gravity-tkl-white-htk561us\/","title":{"rendered":"HATOR Gravity TKL White (HTK561US)"},"content":{"rendered":"","protected":false},"excerpt":{"rendered":"Die HATOR Gravity TKL ist eine kompakte Gaming-Tastatur, die f\u00fcr maximalen Komfort und Pr\u00e4zision beim Spielen entwickelt wurde. Dank fortschrittlicher Technologie und stilvollem Design wird sie zu einem zuverl\u00e4ssigen Werkzeug f\u00fcr Gamer, die in ihren Spielerlebnissen neue H\u00f6hen erreichen wollen.","protected":false},"featured_media":94136,"template":"","meta":[],"translation":{"provider":"WPGlobus","version":"2.5.11","language":"de","enabled_languages":["en","ua","de","pl"],"languages":{"en":{"title":true,"content":false,"excerpt":true},"ua":{"title":false,"content":false,"excerpt":true},"de":{"title":false,"content":false,"excerpt":true},"pl":{"title":false,"content":false,"excerpt":true}}},"aioseo_notices":[],"_links":{"self":[{"href":"https:\/\/shop.hator.gg\/de\/wp-json\/wp\/v2\/product\/94132"}],"collection":[{"href":"https:\/\/shop.hator.gg\/de\/wp-json\/wp\/v2\/product"}],"about":[{"href":"https:\/\/shop.hator.gg\/de\/wp-json\/wp\/v2\/types\/product"}],"wp:featuredmedia":[{"embeddable":true,"href":"https:\/\/shop.hator.gg\/de\/wp-json\/wp\/v2\/media\/94136"}],"wp:attachment":[{"href":"https:\/\/shop.hator.gg\/de\/wp-json\/wp\/v2\/media?parent=94132"}],"curies":[{"name":"wp","href":"https:\/\/api.w.org\/{rel}","templated":true}]}}