{"id":94108,"date":"2025-04-17T19:52:38","date_gmt":"2025-04-17T16:52:38","guid":{"rendered":"https:\/\/shop.hator.gg\/?post_type=product&#038;p=94108"},"modified":"2025-08-04T17:30:55","modified_gmt":"2025-08-04T14:30:55","slug":"hator-rockfall-3-mecha-tkl-wireless-black-htk850eu","status":"publish","type":"product","link":"https:\/\/shop.hator.gg\/de\/keyboards\/hator-rockfall-3-mecha-tkl-wireless-black-htk850eu\/","title":{"rendered":"HATOR Rockfall 3 Mecha TKL Wireless Black (HTK850EU)"},"content":{"rendered":"","protected":false},"excerpt":{"rendered":"Die HATOR Rockfall 3 TKL Wireless ist die perfekte Wahl f\u00fcr alle, die hohe Leistung und Komfort in einem kompakten Geh\u00e4use suchen. Mit drei Verbindungsm\u00f6glichkeiten, langer Akkulaufzeit und durchdachter interner Architektur wird diese Tastatur ein zuverl\u00e4ssiger Begleiter in jeder Situation sein.","protected":false},"featured_media":94109,"template":"","meta":[],"translation":{"provider":"WPGlobus","version":"2.5.11","language":"de","enabled_languages":["en","ua","de","pl"],"languages":{"en":{"title":true,"content":false,"excerpt":true},"ua":{"title":false,"content":false,"excerpt":true},"de":{"title":false,"content":false,"excerpt":true},"pl":{"title":false,"content":false,"excerpt":true}}},"aioseo_notices":[],"_links":{"self":[{"href":"https:\/\/shop.hator.gg\/de\/wp-json\/wp\/v2\/product\/94108"}],"collection":[{"href":"https:\/\/shop.hator.gg\/de\/wp-json\/wp\/v2\/product"}],"about":[{"href":"https:\/\/shop.hator.gg\/de\/wp-json\/wp\/v2\/types\/product"}],"wp:featuredmedia":[{"embeddable":true,"href":"https:\/\/shop.hator.gg\/de\/wp-json\/wp\/v2\/media\/94109"}],"wp:attachment":[{"href":"https:\/\/shop.hator.gg\/de\/wp-json\/wp\/v2\/media?parent=94108"}],"curies":[{"name":"wp","href":"https:\/\/api.w.org\/{rel}","templated":true}]}}